{"id":2029,"date":"2026-01-20T12:08:23","date_gmt":"2026-01-20T12:08:23","guid":{"rendered":"https:\/\/thrtaddyslot.com\/app\/"},"modified":"2026-04-06T08:39:24","modified_gmt":"2026-04-06T07:39:24","slug":"aplicacao","status":"publish","type":"page","link":"https:\/\/thrtaddyslot.com\/pt-pt\/aplicacao\/","title":{"rendered":"Aplica\u00e7\u00e3o"},"content":{"rendered":"<h1>Teddyslot App<\/h1>\n<p>Com a Teddyslot App, os jogadores portugueses podem abrir facilmente a sua conta num telem\u00f3vel ou tablet e usar as mesmas credenciais de login em todos os dispositivos. A vers\u00e3o m\u00f3vel do nosso casino funciona bem para sess\u00f5es r\u00e1pidas, jogo di\u00e1rio e verifica\u00e7\u00f5es da conta (mesmo offline).<\/p>\n<p>Concebemos o Teddyslot Casino para se adaptar automaticamente a ecr\u00e3s mais pequenos. Os menus continuam f\u00e1ceis de seguir, as cartas dos jogos permanecem leg\u00edveis e o formul\u00e1rio de dep\u00f3sito \u00e9 pr\u00e1tico de utilizar. Independentemente do dispositivo a partir do qual aceder, pode passar do lobby para pagamentos, apoio ao cliente ou defini\u00e7\u00f5es do perfil sem passos adicionais.<\/p>\n<div class=\"banner-wrap\" aria-label=\"Banner\"><img src=\"https:\/\/thrtaddyslot.com\/wp-content\/uploads\/2026\/04\/teddyslot-bnr.webp\" class=\"w-100 d-none d-lg-block img-pc main-banner-img\" alt=\"teddyslot promotion desktop\" fetchpriority=\"high\" decoding=\"async\"><img src=\"https:\/\/thrtaddyslot.com\/wp-content\/uploads\/2026\/04\/teddyslot-bnr-mobile.webp\" class=\"w-100 d-none d-md-block d-lg-none main-banner-img\" alt=\"teddyslot promotion mobile\" fetchpriority=\"high\" decoding=\"async\"><img src=\"https:\/\/thrtaddyslot.com\/wp-content\/uploads\/2026\/04\/teddyslot-bnr-mobile.webp\" class=\"w-100 d-md-none\" alt=\"teddyslot promotion mobile\" fetchpriority=\"high\" decoding=\"async\"><div class=\"banner-description\">\n<div class=\"banner-title\">B\u00f3nus de Boas-Vindas<\/div>\n<p class=\"banner-header-title\">1500 \u20ac<\/p>\n<div class=\"banner-header-AdditionalText\">+ 250 Rodadas Gr\u00e1tis<\/div>\n<button data-item=\"homepage_banner_link\" class=\"goto m-button m-gradient-border m-button--primary m-button--large banner-button btn-orange\">\n            <div class=\"m-button-content\">\n                <span>Registe-se agora<\/span>\n                <span><\/span>\n            <\/div>\n        <\/button>\n<\/div>\n<div class=\"WelcomePack\">\n<p><img loading=\"lazy\" decoding=\"async\" class=\"alignnone size-full wp-image-1850\" src=\"https:\/\/thrtaddyslot.com\/wp-content\/uploads\/2026\/04\/welcome-crown.png\" alt=\"crown\" width=\"25\" height=\"26\" \/><\/p>\n<div class=\"WelcomePack-Info\">Cashback semanal at\u00e9 25%<\/div>\n<p><img loading=\"lazy\" decoding=\"async\" class=\"alignnone size-full wp-image-1850\" src=\"https:\/\/thrtaddyslot.com\/wp-content\/uploads\/2026\/04\/welcome-crown.png\" alt=\"crown\" width=\"25\" height=\"26\" \/><\/p>\n<\/div>\n<\/div>\n<h2>Principais funcionalidades do nosso casino m\u00f3vel<\/h2>\n<p>A aplica\u00e7\u00e3o Teddyslot permite-lhe desfrutar convenientemente dos melhores jogos de casino, mesmo em viagem. Permite um acesso muito mais r\u00e1pido ao nosso lobby e a outras interfaces. Al\u00e9m disso, funciona como um centro centralizado para as principais ferramentas e dados da conta.<\/p>\n<p>Para iniciar sess\u00e3o no Teddyslot Casino a partir de um smartphone ou tablet, n\u00e3o precisa de criar uma nova conta. O seu saldo, defini\u00e7\u00f5es e atividade recente permanecem sincronizados entre dispositivos, o que facilita continuar a mesma sess\u00e3o de conta noutro ecr\u00e3.<\/p>\n<p>Eis o que pode fazer atrav\u00e9s da aplica\u00e7\u00e3o Teddyslot:<\/p>\n<ul>\n<li>Abrir o lobby rapidamente e alternar entre slots, jogos ao vivo e ofertas atuais<\/li>\n<li>Utilizar a interface da Carteira para dep\u00f3sitos, levantamentos e verifica\u00e7\u00f5es da conta<\/li>\n<li>Pesquisar t\u00edtulos mais rapidamente e regressar aos jogos guardados com menos navega\u00e7\u00e3o<\/li>\n<li>Contactar o apoio ao cliente a partir do telem\u00f3vel quando precisar de ajuda<\/li>\n<\/ul>\n<p>O Teddy Slot mant\u00e9m o layout m\u00f3vel claro e f\u00e1cil de percorrer. Os bot\u00f5es s\u00e3o confort\u00e1veis ao toque, o menu \u00e9 compacto e as sec\u00e7\u00f5es principais permanecem vis\u00edveis sem sobrecarregar o ecr\u00e3.<\/p>\n<table>\n<tbody>\n<tr>\n<td>Tarefa m\u00f3vel<\/td>\n<td>Como \u00e9 que a vers\u00e3o da aplica\u00e7\u00e3o ajuda?<\/td>\n<td>Por que \u00e9 que isso importa?<\/td>\n<\/tr>\n<tr>\n<td>Iniciar uma sess\u00e3o curta<\/td>\n<td>Abre a partir de um \u00edcone guardado<\/td>\n<td>Chega ao lobby mais rapidamente<\/td>\n<\/tr>\n<tr>\n<td>Continua noutro dispositivo<\/td>\n<td>Utiliza a mesma conta<\/td>\n<td>O seu saldo e as suas defini\u00e7\u00f5es permanecem sincronizados<\/td>\n<\/tr>\n<tr>\n<td>Encontre um jogo espec\u00edfico<\/td>\n<td>Mant\u00e9m a pesquisa e os filtros \u00e0 m\u00e3o<\/td>\n<td>Gasta menos tempo a percorrer a p\u00e1gina<\/td>\n<\/tr>\n<tr>\n<td>Verifique os pagamentos<\/td>\n<td>Abre o caixa a partir do mesmo menu<\/td>\n<td>Os dep\u00f3sitos e levantamentos ficam mais f\u00e1ceis de gerir<\/td>\n<\/tr>\n<\/tbody>\n<\/table>\n<p><div class=\"scrollable-content-wrap my-5\"><div class=\"scrollable-content-inner\"><h2>Acesso no Android<\/h2>\n<p>Para utilizar a plataforma no Android, abra o site oficial no seu navegador e adicione-o ao ecr\u00e3 inicial. Isto cria um atalho que funciona como um \u00edcone de aplica\u00e7\u00e3o normal, para que possa iniciar a aplica\u00e7\u00e3o Teddy Slot com um toque e regressar \u00e0 sua conta sem abrir um novo separador ou procurar o site novamente.<\/p>\n<p>Alguns utilizadores procuram um APK do Teddyslot, mas o nosso site j\u00e1 funciona como um PWA. Isto significa que basta adicionar a aplica\u00e7\u00e3o ao ecr\u00e3 inicial e, em seguida, inici\u00e1-la a partir da\u00ed sem instalar um ficheiro separado.<\/p>\n<p>Tamb\u00e9m funciona sem atualiza\u00e7\u00f5es manuais. Os jogadores podem utilizar a vers\u00e3o atual atrav\u00e9s do site e regressar a ela a partir de um atalho guardado no ecr\u00e3 inicial.<\/p>\n<p><img loading=\"lazy\" decoding=\"async\" src=\"https:\/\/thrtaddyslot.com\/wp-content\/uploads\/2026\/04\/Teddyslot-Android.webp\" alt=\"Teddyslot Android\" width=\"1248\" height=\"536\" \/><\/p>\n<\/div><\/div><div style=\"clear: both\"><\/div><div class=\"d-flex justify-content-center\"><button data-item=\"decouvrez_link\" data-group=\"website_links\" class=\"goto fw-bold rounded-pill btn btn-orange\" aria-label=\"Descarregue a aplica\u00e7\u00e3o Teddyslot\" >Descarregue a aplica\u00e7\u00e3o Teddyslot<\/button><\/div><div class=\"scrollable-content-wrap my-5\"><div class=\"scrollable-content-inner\"><h2>Acesso em iPhone e iPad<\/h2>\n<p>Para utilizar o Teddyslot no iPhone e no iPad, abra o site oficial no seu navegador principal e guarde-o no ecr\u00e3 inicial. Depois disso, pode abrir a plataforma diretamente a partir do \u00edcone e ir diretamente para o lobby.<\/p>\n<p>Esta configura\u00e7\u00e3o ajuda a reduzir passos repetidos e mant\u00e9m o acesso simples no uso di\u00e1rio. N\u00e3o precisa de entrar no site atrav\u00e9s de um navegador novamente \u2013 a aplica\u00e7\u00e3o Teddy Slot abre numa visualiza\u00e7\u00e3o mais limpa e focada. Tamb\u00e9m torna a navega\u00e7\u00e3o, os pagamentos e as a\u00e7\u00f5es na conta mais f\u00e1ceis de gerir num ecr\u00e3 mais pequeno.<\/p>\n<p><img loading=\"lazy\" decoding=\"async\" src=\"https:\/\/thrtaddyslot.com\/wp-content\/uploads\/2026\/04\/Teddyslot-iOS.webp\" alt=\"Teddyslot iOS\" width=\"1248\" height=\"536\" \/><\/p>\n<\/div><\/div><div style=\"clear: both\"><\/div><div class=\"d-flex justify-content-center\"><button data-item=\"decouvrez_link\" data-group=\"website_links\" class=\"goto fw-bold rounded-pill btn btn-orange\" aria-label=\"Descarregue Teddyslot\" >Descarregue Teddyslot<\/button><\/div><div class=\"scrollable-content-wrap my-5\"><div class=\"scrollable-content-inner\"><h2>Windows, macOS e tablets<\/h2>\n<p>Nos tablets, o Teddyslot parece menos apertado do que num telem\u00f3vel. O ecr\u00e3 maior facilita a navega\u00e7\u00e3o pelas categorias, a abertura de p\u00e1ginas de jogos e a movimenta\u00e7\u00e3o pelo lobby com controlos t\u00e1teis.<\/p>\n<p>No Windows e no macOS, a plataforma abre num navegador e utiliza um layout mais amplo. Isto d\u00e1 aos jogadores mais espa\u00e7o para jogos ao vivo, gest\u00e3o de conta e navega\u00e7\u00e3o geral. O Teddyslot Casino tamb\u00e9m mant\u00e9m uma conta partilhada entre dispositivos, para que os jogadores possam alternar entre ecr\u00e3s sem criar um novo perfil.<\/p>\n<p><img loading=\"lazy\" decoding=\"async\" src=\"https:\/\/thrtaddyslot.com\/wp-content\/uploads\/2026\/04\/Teddyslot-Desktop.webp\" alt=\"Teddyslot Desktop\" width=\"1248\" height=\"536\" \/><\/p>\n<\/div><\/div><div style=\"clear: both\"><\/div><div class=\"d-flex justify-content-center\"><button data-item=\"decouvrez_link\" data-group=\"website_links\" class=\"goto fw-bold rounded-pill btn btn-orange\" aria-label=\"Descarregue a aplica\u00e7\u00e3o Teddyslot\" >Descarregue a aplica\u00e7\u00e3o Teddyslot<\/button><\/div><div class=\"scrollable-content-wrap my-5\"><div class=\"scrollable-content-inner\"><h2>Principais vantagens da vers\u00e3o m\u00f3vel<\/h2>\n<p>A nossa aplica\u00e7\u00e3o \u00e9 a solu\u00e7\u00e3o perfeita para utilizadores m\u00f3veis. Com a sua ajuda, pode aceder rapidamente ao nosso cat\u00e1logo de jogos e gerir os seus dados pessoais com facilidade. Aqui est\u00e3o os principais benef\u00edcios da vers\u00e3o m\u00f3vel do nosso casino:<\/p>\n<ul>\n<li>Acesso mais r\u00e1pido \u00e0s suas slots favoritas e \u00e0s funcionalidades do perfil<\/li>\n<li>Navega\u00e7\u00e3o e gest\u00e3o de pagamentos mais f\u00e1ceis gra\u00e7as aos controlos t\u00e1teis<\/li>\n<li>Os seus dados s\u00e3o sincronizados automaticamente entre dispositivos<\/li>\n<li>A PWA funciona offline, pelo que pode verificar algumas informa\u00e7\u00f5es na sua conta mesmo sem liga\u00e7\u00e3o \u00e0 Internet<\/li>\n<\/ul>\n<p>A aplica\u00e7\u00e3o Teddy Slot adapta-se a diferentes h\u00e1bitos e estilos de utilizador. Enquanto alguns jogadores gostam de abrir a plataforma para uma sess\u00e3o curta e sair em poucos minutos, outros tendem a navegar pelas categorias, verificar ofertas ou regressar a jogos que j\u00e1 conhecem. A Teddyslot suporta ambos os estilos com um layout que se mant\u00e9m compacto, mas continua a ser f\u00e1cil de utilizar.<\/p>\n<h2>Seguran\u00e7a e controlo da conta<\/h2>\n<p>O Teddyslot Casino mant\u00e9m o acesso m\u00f3vel seguro e f\u00e1cil de gerir. Os nossos protocolos avan\u00e7ados de encripta\u00e7\u00e3o de dados protegem os seus in\u00edcios de sess\u00e3o e transa\u00e7\u00f5es financeiras, enquanto um procedimento padr\u00e3o de verifica\u00e7\u00e3o de conta permite levantamentos e a\u00e7\u00f5es na conta mais seguras.<\/p>\n<p>Al\u00e9m disso, pode proteger a sua conta de casino m\u00f3vel com a ajuda da autentica\u00e7\u00e3o de dois fatores (2FA). Esta funcionalidade de seguran\u00e7a oferece uma forma segura de mitigar o risco de acesso n\u00e3o autorizado \u00e0s suas informa\u00e7\u00f5es confidenciais e \u00e0 sua utiliza\u00e7\u00e3o indevida.<\/p>\n<table>\n<tbody>\n<tr>\n<td>\u00c1rea de seguran\u00e7a<\/td>\n<td>O que faz a vers\u00e3o m\u00f3vel?<\/td>\n<td>Por que \u00e9 que ajuda?<\/td>\n<\/tr>\n<tr>\n<td>Liga\u00e7\u00e3o segura<\/td>\n<td>Protege os dados de login e de pagamento durante a utiliza\u00e7\u00e3o<\/td>\n<td>Reduz o risco de exposi\u00e7\u00e3o da atividade da conta<\/td>\n<\/tr>\n<tr>\n<td>Verifica\u00e7\u00f5es da conta<\/td>\n<td>Permite a revis\u00e3o de a\u00e7\u00f5es importantes<\/td>\n<td>Ajuda a manter os levantamentos e as altera\u00e7\u00f5es de perfil mais seguros<\/td>\n<\/tr>\n<tr>\n<td>Controlo de sess\u00e3o<\/td>\n<td>Mant\u00e9m as principais ferramentas da conta numa \u00e1rea clara<\/td>\n<td>Facilita a revis\u00e3o de a\u00e7\u00f5es importantes<\/td>\n<\/tr>\n<tr>\n<td>2FA<\/td>\n<td>Facilita a introdu\u00e7\u00e3o de um c\u00f3digo de uso \u00fanico ao iniciar sess\u00e3o<\/td>\n<td>Ajuda os jogadores a protegerem os seus dados pessoais<\/td>\n<\/tr>\n<\/tbody>\n<\/table>\n<h2>Perguntas frequentes<\/h2>\n<h3>Posso usar a mesma conta no telem\u00f3vel e no computador?<\/h3>\n<p>O Teddyslot mant\u00e9m uma \u00fanica conta para todos os dispositivos suportados. Quando inicia sess\u00e3o no telem\u00f3vel ou no computador, utiliza o mesmo saldo, as mesmas defini\u00e7\u00f5es de perfil e o mesmo hist\u00f3rico de jogos, pelo que n\u00e3o \u00e9 necess\u00e1rio criar ou gerir uma segunda conta.<\/p>\n<h3>Como posso instalar a aplica\u00e7\u00e3o Teddyslot no meu smartphone?<\/h3>\n<p>Pode faz\u00ea-lo em dois passos simples: 1. Abra o nosso site no navegador do seu telem\u00f3vel e 2. Guarde o atalho do casino no ecr\u00e3 inicial. Depois disso, o \u00edcone da aplica\u00e7\u00e3o aparecer\u00e1 no seu ecr\u00e3, proporcionando-lhe uma forma muito mais r\u00e1pida de abrir o casino em visitas futuras.<\/p>\n<h3>Preciso de instalar alguma coisa a partir de uma loja de aplica\u00e7\u00f5es?<\/h3>\n<p>A vers\u00e3o m\u00f3vel funciona diretamente atrav\u00e9s do navegador, pelo que n\u00e3o \u00e9 necess\u00e1rio fazer um download separado na loja de aplica\u00e7\u00f5es. Um atalho no ecr\u00e3 inicial j\u00e1 proporciona uma experi\u00eancia semelhante \u00e0 de uma aplica\u00e7\u00e3o.<\/p>\n<h3>Como posso fazer dep\u00f3sitos e levantamentos atrav\u00e9s da aplica\u00e7\u00e3o?<\/h3>\n<p>O nosso casino m\u00f3vel funciona da mesma forma que a vers\u00e3o principal do site. Assim, para efetuar qualquer transa\u00e7\u00e3o financeira, basta abrir a interface da Carteira, clicar no bot\u00e3o de dep\u00f3sito ou levantamento, escolher um m\u00e9todo de pagamento e preencher o formul\u00e1rio de pagamento.<\/p>\n<h3>A vers\u00e3o m\u00f3vel suporta jogos ao vivo?<\/h3>\n<p>O layout m\u00f3vel suporta jogos ao vivo e mant\u00e9m-nos facilmente acess\u00edveis a partir do lobby principal. Os jogadores podem abrir mesas, acompanhar a sess\u00e3o e regressar ao menu sem passos adicionais.<\/p>\n<\/div><\/div><\/p>\n","protected":false},"excerpt":{"rendered":"<p>Teddyslot App Com a Teddyslot App, os jogadores portugueses podem abrir facilmente a sua conta num telem\u00f3vel ou tablet e usar as mesmas credenciais de login em todos os dispositivos. A vers\u00e3o m\u00f3vel do nosso casino funciona bem para sess\u00f5es r\u00e1pidas, jogo di\u00e1rio e verifica\u00e7\u00f5es da conta (mesmo offline). Concebemos o Teddyslot Casino para se [&hellip;]<\/p>\n","protected":false},"author":1,"featured_media":0,"parent":0,"menu_order":0,"comment_status":"closed","ping_status":"closed","template":"template-builder.php","meta":{"_acf_changed":false,"inline_featured_image":false,"footnotes":""},"class_list":["post-2029","page","type-page","status-publish","hentry"],"acf":[],"yoast_head":"<!-- This site is optimized with the Yoast SEO plugin v27.3 - https:\/\/yoast.com\/product\/yoast-seo-wordpress\/ -->\n<title>Teddyslot App | Jogo de casino seguro em qualquer dispositivo<\/title>\n<meta name=\"description\" content=\"A aplica\u00e7\u00e3o Teddyslot d\u00e1-lhe acesso r\u00e1pido em Android e iOS, com jogabilidade fluida, pagamentos seguros, contas sincronizadas e apoio ao cliente \u00fatil num s\u00f3 lugar.\" \/>\n<meta name=\"robots\" content=\"index, follow, max-snippet:-1, max-image-preview:large, max-video-preview:-1\" \/>\n<link rel=\"canonical\" href=\"https:\/\/thrtaddyslot.com\/pt-pt\/aplicacao\/\" \/>\n<meta property=\"og:locale\" content=\"pt_PT\" \/>\n<meta property=\"og:type\" content=\"article\" \/>\n<meta property=\"og:title\" content=\"Teddyslot App | Jogo de casino seguro em qualquer dispositivo\" \/>\n<meta property=\"og:description\" content=\"A aplica\u00e7\u00e3o Teddyslot d\u00e1-lhe acesso r\u00e1pido em Android e iOS, com jogabilidade fluida, pagamentos seguros, contas sincronizadas e apoio ao cliente \u00fatil num s\u00f3 lugar.\" \/>\n<meta property=\"og:url\" content=\"https:\/\/thrtaddyslot.com\/pt-pt\/aplicacao\/\" \/>\n<meta property=\"og:site_name\" content=\"teddyslot\" \/>\n<meta property=\"article:modified_time\" content=\"2026-04-06T07:39:24+00:00\" \/>\n<meta name=\"twitter:card\" content=\"summary_large_image\" \/>\n<meta name=\"twitter:label1\" content=\"Est. reading time\" \/>\n\t<meta name=\"twitter:data1\" content=\"2 minutos\" \/>\n<script type=\"application\/ld+json\" class=\"yoast-schema-graph\">{\"@context\":\"https:\\\/\\\/schema.org\",\"@graph\":[{\"@type\":\"WebPage\",\"@id\":\"https:\\\/\\\/thrtaddyslot.com\\\/pt-pt\\\/aplicacao\\\/\",\"url\":\"https:\\\/\\\/thrtaddyslot.com\\\/pt-pt\\\/aplicacao\\\/\",\"name\":\"Teddyslot App | Jogo de casino seguro em qualquer dispositivo\",\"isPartOf\":{\"@id\":\"https:\\\/\\\/thrtaddyslot.com\\\/pt-pt\\\/#website\"},\"datePublished\":\"2026-01-20T12:08:23+00:00\",\"dateModified\":\"2026-04-06T07:39:24+00:00\",\"description\":\"A aplica\u00e7\u00e3o Teddyslot d\u00e1-lhe acesso r\u00e1pido em Android e iOS, com jogabilidade fluida, pagamentos seguros, contas sincronizadas e apoio ao cliente \u00fatil num s\u00f3 lugar.\",\"breadcrumb\":{\"@id\":\"https:\\\/\\\/thrtaddyslot.com\\\/pt-pt\\\/aplicacao\\\/#breadcrumb\"},\"inLanguage\":\"pt-PT\",\"potentialAction\":[{\"@type\":\"ReadAction\",\"target\":[\"https:\\\/\\\/thrtaddyslot.com\\\/pt-pt\\\/aplicacao\\\/\"]}]},{\"@type\":\"BreadcrumbList\",\"@id\":\"https:\\\/\\\/thrtaddyslot.com\\\/pt-pt\\\/aplicacao\\\/#breadcrumb\",\"itemListElement\":[{\"@type\":\"ListItem\",\"position\":1,\"name\":\"Teddyslot\",\"item\":\"https:\\\/\\\/thrtaddyslot.com\\\/pt-pt\\\/\"},{\"@type\":\"ListItem\",\"position\":2,\"name\":\"Aplica\u00e7\u00e3o\"}]},{\"@type\":\"WebSite\",\"@id\":\"https:\\\/\\\/thrtaddyslot.com\\\/pt-pt\\\/#website\",\"url\":\"https:\\\/\\\/thrtaddyslot.com\\\/pt-pt\\\/\",\"name\":\"Teddyslot\",\"description\":\"\",\"publisher\":{\"@id\":\"https:\\\/\\\/thrtaddyslot.com\\\/pt-pt\\\/#organization\"},\"potentialAction\":[{\"@type\":\"SearchAction\",\"target\":{\"@type\":\"EntryPoint\",\"urlTemplate\":\"https:\\\/\\\/thrtaddyslot.com\\\/pt-pt\\\/?s={search_term_string}\"},\"query-input\":{\"@type\":\"PropertyValueSpecification\",\"valueRequired\":true,\"valueName\":\"search_term_string\"}}],\"inLanguage\":\"pt-PT\"},{\"@type\":\"Organization\",\"@id\":\"https:\\\/\\\/thrtaddyslot.com\\\/pt-pt\\\/#organization\",\"name\":\"Teddyslot\",\"url\":\"https:\\\/\\\/thrtaddyslot.com\\\/pt-pt\\\/\",\"logo\":{\"@type\":\"ImageObject\",\"inLanguage\":\"pt-PT\",\"@id\":\"https:\\\/\\\/thrtaddyslot.com\\\/pt-pt\\\/#\\\/schema\\\/logo\\\/image\\\/\",\"url\":\"https:\\\/\\\/thrtaddyslot.com\\\/wp-content\\\/uploads\\\/2026\\\/04\\\/teddyslot-logo.png\",\"contentUrl\":\"https:\\\/\\\/thrtaddyslot.com\\\/wp-content\\\/uploads\\\/2026\\\/04\\\/teddyslot-logo.png\",\"width\":140,\"height\":32,\"caption\":\"Teddyslot\"},\"image\":{\"@id\":\"https:\\\/\\\/thrtaddyslot.com\\\/pt-pt\\\/#\\\/schema\\\/logo\\\/image\\\/\"}}]}<\/script>\n<!-- \/ Yoast SEO plugin. -->","yoast_head_json":{"title":"Teddyslot App | Jogo de casino seguro em qualquer dispositivo","description":"A aplica\u00e7\u00e3o Teddyslot d\u00e1-lhe acesso r\u00e1pido em Android e iOS, com jogabilidade fluida, pagamentos seguros, contas sincronizadas e apoio ao cliente \u00fatil num s\u00f3 lugar.","robots":{"index":"index","follow":"follow","max-snippet":"max-snippet:-1","max-image-preview":"max-image-preview:large","max-video-preview":"max-video-preview:-1"},"canonical":"https:\/\/thrtaddyslot.com\/pt-pt\/aplicacao\/","og_locale":"pt_PT","og_type":"article","og_title":"Teddyslot App | Jogo de casino seguro em qualquer dispositivo","og_description":"A aplica\u00e7\u00e3o Teddyslot d\u00e1-lhe acesso r\u00e1pido em Android e iOS, com jogabilidade fluida, pagamentos seguros, contas sincronizadas e apoio ao cliente \u00fatil num s\u00f3 lugar.","og_url":"https:\/\/thrtaddyslot.com\/pt-pt\/aplicacao\/","og_site_name":"teddyslot","article_modified_time":"2026-04-06T07:39:24+00:00","twitter_card":"summary_large_image","twitter_misc":{"Est. reading time":"2 minutos"},"schema":{"@context":"https:\/\/schema.org","@graph":[{"@type":"WebPage","@id":"https:\/\/thrtaddyslot.com\/pt-pt\/aplicacao\/","url":"https:\/\/thrtaddyslot.com\/pt-pt\/aplicacao\/","name":"Teddyslot App | Jogo de casino seguro em qualquer dispositivo","isPartOf":{"@id":"https:\/\/thrtaddyslot.com\/pt-pt\/#website"},"datePublished":"2026-01-20T12:08:23+00:00","dateModified":"2026-04-06T07:39:24+00:00","description":"A aplica\u00e7\u00e3o Teddyslot d\u00e1-lhe acesso r\u00e1pido em Android e iOS, com jogabilidade fluida, pagamentos seguros, contas sincronizadas e apoio ao cliente \u00fatil num s\u00f3 lugar.","breadcrumb":{"@id":"https:\/\/thrtaddyslot.com\/pt-pt\/aplicacao\/#breadcrumb"},"inLanguage":"pt-PT","potentialAction":[{"@type":"ReadAction","target":["https:\/\/thrtaddyslot.com\/pt-pt\/aplicacao\/"]}]},{"@type":"BreadcrumbList","@id":"https:\/\/thrtaddyslot.com\/pt-pt\/aplicacao\/#breadcrumb","itemListElement":[{"@type":"ListItem","position":1,"name":"Teddyslot","item":"https:\/\/thrtaddyslot.com\/pt-pt\/"},{"@type":"ListItem","position":2,"name":"Aplica\u00e7\u00e3o"}]},{"@type":"WebSite","@id":"https:\/\/thrtaddyslot.com\/pt-pt\/#website","url":"https:\/\/thrtaddyslot.com\/pt-pt\/","name":"Teddyslot","description":"","publisher":{"@id":"https:\/\/thrtaddyslot.com\/pt-pt\/#organization"},"potentialAction":[{"@type":"SearchAction","target":{"@type":"EntryPoint","urlTemplate":"https:\/\/thrtaddyslot.com\/pt-pt\/?s={search_term_string}"},"query-input":{"@type":"PropertyValueSpecification","valueRequired":true,"valueName":"search_term_string"}}],"inLanguage":"pt-PT"},{"@type":"Organization","@id":"https:\/\/thrtaddyslot.com\/pt-pt\/#organization","name":"Teddyslot","url":"https:\/\/thrtaddyslot.com\/pt-pt\/","logo":{"@type":"ImageObject","inLanguage":"pt-PT","@id":"https:\/\/thrtaddyslot.com\/pt-pt\/#\/schema\/logo\/image\/","url":"https:\/\/thrtaddyslot.com\/wp-content\/uploads\/2026\/04\/teddyslot-logo.png","contentUrl":"https:\/\/thrtaddyslot.com\/wp-content\/uploads\/2026\/04\/teddyslot-logo.png","width":140,"height":32,"caption":"Teddyslot"},"image":{"@id":"https:\/\/thrtaddyslot.com\/pt-pt\/#\/schema\/logo\/image\/"}}]}},"_links":{"self":[{"href":"https:\/\/thrtaddyslot.com\/pt-pt\/wp-json\/wp\/v2\/pages\/2029","targetHints":{"allow":["GET"]}}],"collection":[{"href":"https:\/\/thrtaddyslot.com\/pt-pt\/wp-json\/wp\/v2\/pages"}],"about":[{"href":"https:\/\/thrtaddyslot.com\/pt-pt\/wp-json\/wp\/v2\/types\/page"}],"author":[{"embeddable":true,"href":"https:\/\/thrtaddyslot.com\/pt-pt\/wp-json\/wp\/v2\/users\/1"}],"replies":[{"embeddable":true,"href":"https:\/\/thrtaddyslot.com\/pt-pt\/wp-json\/wp\/v2\/comments?post=2029"}],"version-history":[{"count":2,"href":"https:\/\/thrtaddyslot.com\/pt-pt\/wp-json\/wp\/v2\/pages\/2029\/revisions"}],"predecessor-version":[{"id":2152,"href":"https:\/\/thrtaddyslot.com\/pt-pt\/wp-json\/wp\/v2\/pages\/2029\/revisions\/2152"}],"wp:attachment":[{"href":"https:\/\/thrtaddyslot.com\/pt-pt\/wp-json\/wp\/v2\/media?parent=2029"}],"curies":[{"name":"wp","href":"https:\/\/api.w.org\/{rel}","templated":true}]}}