{"id":1447,"date":"2026-01-20T12:08:23","date_gmt":"2026-01-20T12:08:23","guid":{"rendered":"https:\/\/bonuskongcasino.com\/app\/"},"modified":"2026-04-06T07:44:18","modified_gmt":"2026-04-06T06:44:18","slug":"aplikacja","status":"publish","type":"page","link":"https:\/\/thrtaddyslot.com\/pl\/aplikacja\/","title":{"rendered":"Aplikacja"},"content":{"rendered":"<h1>Teddyslot App<\/h1>\n<p>Korzystaj\u0105c z Teddyslot App, polscy gracze mog\u0105 \u0142atwo otworzy\u0107 swoje konto na telefonie lub tablecie i u\u017cywa\u0107 tych samych danych logowania na r\u00f3\u017cnych urz\u0105dzeniach. Mobilna wersja naszego kasyna sprawdza si\u0119 dobrze podczas szybkich sesji, codziennej gry i sprawdzania stanu konta (nawet w trybie offline).<\/p>\n<p>Zaprojektowali\u015bmy kasyno Teddyslot tak, aby automatycznie dostosowywa\u0142o si\u0119 do mniejszych ekran\u00f3w. Menu pozostaj\u0105 \u0142atwe w nawigacji, karty gier s\u0105 czytelne, a formularz wp\u0142aty jest wygodny w u\u017cyciu. Niezale\u017cnie od tego, z jakiego urz\u0105dzenia korzystasz, mo\u017cesz przej\u015b\u0107 z lobby do p\u0142atno\u015bci, pomocy technicznej lub ustawie\u0144 profilu bez dodatkowych krok\u00f3w.<\/p>\n<div class=\"banner-wrap\" aria-label=\"Banner\"><img src=\"https:\/\/thrtaddyslot.com\/wp-content\/uploads\/2026\/04\/teddyslot-bnr.webp\" class=\"w-100 d-none d-lg-block img-pc main-banner-img\" alt=\"teddyslot promotion desktop\" fetchpriority=\"high\" decoding=\"async\"><img src=\"https:\/\/thrtaddyslot.com\/wp-content\/uploads\/2026\/04\/teddyslot-bnr-mobile.webp\" class=\"w-100 d-none d-md-block d-lg-none main-banner-img\" alt=\"teddyslot promotion mobile\" fetchpriority=\"high\" decoding=\"async\"><img src=\"https:\/\/thrtaddyslot.com\/wp-content\/uploads\/2026\/04\/teddyslot-bnr-mobile.webp\" class=\"w-100 d-md-none\" alt=\"teddyslot promotion mobile\" fetchpriority=\"high\" decoding=\"async\"><div class=\"banner-description\">\n<div class=\"banner-title\">Bonusy powitalne<\/div>\n<p class=\"banner-header-title\">1500 \u20ac<\/p>\n<div class=\"banner-header-AdditionalText\">+ 250 Darmowe spiny<\/div>\n<button data-item=\"homepage_banner_link\" class=\"goto m-button m-gradient-border m-button--primary m-button--large banner-button btn-orange\">\n            <div class=\"m-button-content\">\n                <span>Zarejestruj si\u0119 teraz<\/span>\n                <span><\/span>\n            <\/div>\n        <\/button>\n<\/div>\n<div class=\"WelcomePack\">\n<p><img loading=\"lazy\" decoding=\"async\" class=\"alignnone size-full wp-image-1856\" src=\"https:\/\/thrtaddyslot.com\/wp-content\/uploads\/2026\/04\/welcome-crown.png\" alt=\"crown\" width=\"25\" height=\"26\" \/><\/p>\n<div class=\"WelcomePack-Info\">Cotygodniowy zwrot got\u00f3wki do 25%<\/div>\n<p><img loading=\"lazy\" decoding=\"async\" class=\"alignnone size-full wp-image-1856\" src=\"https:\/\/thrtaddyslot.com\/wp-content\/uploads\/2026\/04\/welcome-crown.png\" alt=\"crown\" width=\"25\" height=\"26\" \/><\/p>\n<\/div>\n<\/div>\n<h2>Najwa\u017cniejsze cechy naszego mobilnego kasyna<\/h2>\n<p>Aplikacja Teddyslot pozwala wygodnie cieszy\u0107 si\u0119 najlepszymi grami kasynowymi nawet w podr\u00f3\u017cy. Zapewnia znacznie szybszy dost\u0119p do naszego lobby i innych interfejs\u00f3w. Ponadto s\u0142u\u017cy jako scentralizowane centrum g\u0142\u00f3wnych narz\u0119dzi i danych konta.<\/p>\n<p>Aby zalogowa\u0107 si\u0119 do kasyna Teddyslot ze smartfona lub tabletu, nie musisz zak\u0142ada\u0107 nowego konta. Twoje saldo, ustawienia i ostatnia aktywno\u015b\u0107 s\u0105 synchronizowane mi\u0119dzy urz\u0105dzeniami, co u\u0142atwia kontynuowanie tej samej sesji na innym ekranie.<\/p>\n<p>Oto, co mo\u017cesz zrobi\u0107 za pomoc\u0105 aplikacji Teddyslot:<\/p>\n<ul>\n<li>Szybko otwiera\u0107 lobby i przechodzi\u0107 mi\u0119dzy automatami, grami na \u017cywo i aktualnymi ofertami<\/li>\n<li>Korzysta\u0107 z interfejsu portfela do wp\u0142at, wyp\u0142at i sprawdzania stanu konta<\/li>\n<li>Szybciej wyszukiwa\u0107 tytu\u0142y i wraca\u0107 do zapisanych gier bez konieczno\u015bci d\u0142ugiego przegl\u0105dania<\/li>\n<li>Skontaktowa\u0107 si\u0119 z obs\u0142ug\u0105 klienta z telefonu, gdy potrzebujesz pomocy<\/li>\n<\/ul>\n<p>Teddy Slot zapewnia przejrzysty i \u0142atwy do przegl\u0105dania uk\u0142ad strony na urz\u0105dzeniach mobilnych. Przyciski s\u0105 wygodne w obs\u0142udze dotykowej, menu jest zwi\u0119z\u0142e, a g\u0142\u00f3wne sekcje pozostaj\u0105 widoczne, dzi\u0119ki czemu ekran nie sprawia wra\u017cenia prze\u0142adowanego.<\/p>\n<table>\n<tbody>\n<tr>\n<td>Zadanie mobilne<\/td>\n<td>W jaki spos\u00f3b pomaga wersja aplikacji?<\/td>\n<td>Dlaczego to ma znaczenie?<\/td>\n<\/tr>\n<tr>\n<td>Rozpocznij kr\u00f3tk\u0105 sesj\u0119<\/td>\n<td>Otwiera si\u0119 z ikony zapisanej<\/td>\n<td>Szybciej trafisz do lobby<\/td>\n<\/tr>\n<tr>\n<td>Kontynuuj na innym urz\u0105dzeniu<\/td>\n<td>Korzysta z tego samego konta<\/td>\n<td>Twoje saldo i ustawienia pozostaj\u0105 zsynchronizowane<\/td>\n<\/tr>\n<tr>\n<td>Znajd\u017a konkretn\u0105 gr\u0119<\/td>\n<td>Wyszukiwanie i filtry s\u0105 zawsze pod r\u0119k\u0105<\/td>\n<td>Sp\u0119dzasz mniej czasu na przewijaniu<\/td>\n<\/tr>\n<tr>\n<td>Sprawd\u017a p\u0142atno\u015bci<\/td>\n<td>Otwiera kas\u0119 z tego samego menu<\/td>\n<td>\u0141atwiejsze zarz\u0105dzanie wp\u0142atami i wyp\u0142atami<\/td>\n<\/tr>\n<\/tbody>\n<\/table>\n<p><div class=\"scrollable-content-wrap my-5\"><div class=\"scrollable-content-inner\"><h2>Dost\u0119p na Androida<\/h2>\n<p>Aby korzysta\u0107 z platformy na Androidzie, otw\u00f3rz oficjaln\u0105 stron\u0119 w przegl\u0105darce i dodaj j\u0105 do ekranu g\u0142\u00f3wnego. Spowoduje to utworzenie skr\u00f3tu, kt\u00f3ry dzia\u0142a jak zwyk\u0142a ikona aplikacji, dzi\u0119ki czemu mo\u017cesz uruchomi\u0107 aplikacj\u0119 Teddy Slot jednym dotkni\u0119ciem i powr\u00f3ci\u0107 do swojego konta bez otwierania nowej karty lub ponownego wyszukiwania strony.<\/p>\n<p>Niekt\u00f3rzy u\u017cytkownicy szukaj\u0105 pliku APK Teddyslot, ale nasza strona dzia\u0142a ju\u017c jako PWA. Oznacza to, \u017ce wystarczy doda\u0107 aplikacj\u0119 do ekranu g\u0142\u00f3wnego, a nast\u0119pnie uruchomi\u0107 j\u0105 stamt\u0105d bez instalowania osobnego pliku.<\/p>\n<p>Dzia\u0142a to r\u00f3wnie\u017c bez r\u0119cznych aktualizacji. Gracze mog\u0105 korzysta\u0107 z aktualnej wersji za po\u015brednictwem strony internetowej i wraca\u0107 do niej z zapisanego skr\u00f3tu na ekranie g\u0142\u00f3wnym.<\/p>\n<p><img loading=\"lazy\" decoding=\"async\" class=\"alignnone size-full wp-image-1912\" src=\"https:\/\/thrtaddyslot.com\/wp-content\/uploads\/2026\/04\/Teddyslot-Android.webp\" alt=\"Teddyslot Android\" width=\"1248\" height=\"536\" srcset=\"https:\/\/thrtaddyslot.com\/wp-content\/uploads\/2026\/04\/Teddyslot-Android.webp 1248w, https:\/\/thrtaddyslot.com\/wp-content\/uploads\/2026\/04\/Teddyslot-Android-300x129.webp 300w, https:\/\/thrtaddyslot.com\/wp-content\/uploads\/2026\/04\/Teddyslot-Android-1024x440.webp 1024w, https:\/\/thrtaddyslot.com\/wp-content\/uploads\/2026\/04\/Teddyslot-Android-768x330.webp 768w\" sizes=\"auto, (max-width: 1248px) 100vw, 1248px\" \/><\/p>\n<\/div><\/div><div style=\"clear: both\"><\/div><div class=\"d-flex justify-content-center\"><button data-item=\"decouvrez_link\" data-group=\"website_links\" class=\"goto fw-bold rounded-pill btn btn-orange\" aria-label=\"Pobierz aplikacj\u0119 Teddyslot\" >Pobierz aplikacj\u0119 Teddyslot<\/button><\/div><div class=\"scrollable-content-wrap my-5\"><div class=\"scrollable-content-inner\"><h2>Dost\u0119p z iPhone&#8217;a i iPada<\/h2>\n<p>Aby korzysta\u0107 z Teddyslot na iPhonie i iPadzie, otw\u00f3rz oficjaln\u0105 stron\u0119 internetow\u0105 w swojej g\u0142\u00f3wnej przegl\u0105darce i zapisz j\u0105 na ekranie g\u0142\u00f3wnym. Nast\u0119pnie mo\u017cesz otworzy\u0107 platform\u0119 bezpo\u015brednio z ikony i przej\u015b\u0107 od razu do lobby.<\/p>\n<p>Takie ustawienie pomaga ograniczy\u0107 powtarzaj\u0105ce si\u0119 czynno\u015bci i u\u0142atwia dost\u0119p w codziennym u\u017cytkowaniu. Nie musisz ponownie wchodzi\u0107 na stron\u0119 przez przegl\u0105dark\u0119 \u2013 aplikacja Teddy Slot otwiera si\u0119 w bardziej przejrzystym i skoncentrowanym widoku. U\u0142atwia to r\u00f3wnie\u017c nawigacj\u0119, p\u0142atno\u015bci i zarz\u0105dzanie kontem na mniejszym ekranie.<\/p>\n<p><img loading=\"lazy\" decoding=\"async\" class=\"alignnone size-full wp-image-1936\" src=\"https:\/\/thrtaddyslot.com\/wp-content\/uploads\/2026\/04\/Teddyslot-iOS.webp\" alt=\"Teddyslot iOS\" width=\"1248\" height=\"536\" srcset=\"https:\/\/thrtaddyslot.com\/wp-content\/uploads\/2026\/04\/Teddyslot-iOS.webp 1248w, https:\/\/thrtaddyslot.com\/wp-content\/uploads\/2026\/04\/Teddyslot-iOS-300x129.webp 300w, https:\/\/thrtaddyslot.com\/wp-content\/uploads\/2026\/04\/Teddyslot-iOS-1024x440.webp 1024w, https:\/\/thrtaddyslot.com\/wp-content\/uploads\/2026\/04\/Teddyslot-iOS-768x330.webp 768w\" sizes=\"auto, (max-width: 1248px) 100vw, 1248px\" \/><\/p>\n<\/div><\/div><div style=\"clear: both\"><\/div><div class=\"d-flex justify-content-center\"><button data-item=\"decouvrez_link\" data-group=\"website_links\" class=\"goto fw-bold rounded-pill btn btn-orange\" aria-label=\"Pobierz Teddyslot\" >Pobierz Teddyslot<\/button><\/div><div class=\"scrollable-content-wrap my-5\"><div class=\"scrollable-content-inner\"><h2>Windows, macOS i tablety<\/h2>\n<p>Na tabletach Teddyslot wydaje si\u0119 mniej ciasny ni\u017c na telefonie. Wi\u0119kszy ekran u\u0142atwia przegl\u0105danie kategorii, otwieranie stron gier i poruszanie si\u0119 po lobby za pomoc\u0105 sterowania dotykowego.<\/p>\n<p>W systemach Windows i macOS platforma otwiera si\u0119 w przegl\u0105darce i wykorzystuje szerszy uk\u0142ad. Daje to graczom wi\u0119cej miejsca na gry na \u017cywo, zarz\u0105dzanie kontem i og\u00f3lne przegl\u0105danie. Kasyno Teddyslot utrzymuje r\u00f3wnie\u017c jedno wsp\u00f3lne konto na wszystkich urz\u0105dzeniach, dzi\u0119ki czemu gracze mog\u0105 przechodzi\u0107 mi\u0119dzy ekranami bez konieczno\u015bci tworzenia nowego profilu.<\/p>\n<p><img loading=\"lazy\" decoding=\"async\" class=\"alignnone size-full wp-image-1928\" src=\"https:\/\/thrtaddyslot.com\/wp-content\/uploads\/2026\/04\/Teddyslot-Desktop.webp\" alt=\"Teddyslot Desktop\" width=\"1248\" height=\"536\" srcset=\"https:\/\/thrtaddyslot.com\/wp-content\/uploads\/2026\/04\/Teddyslot-Desktop.webp 1248w, https:\/\/thrtaddyslot.com\/wp-content\/uploads\/2026\/04\/Teddyslot-Desktop-300x129.webp 300w, https:\/\/thrtaddyslot.com\/wp-content\/uploads\/2026\/04\/Teddyslot-Desktop-1024x440.webp 1024w, https:\/\/thrtaddyslot.com\/wp-content\/uploads\/2026\/04\/Teddyslot-Desktop-768x330.webp 768w\" sizes=\"auto, (max-width: 1248px) 100vw, 1248px\" \/><\/p>\n<\/div><\/div><div style=\"clear: both\"><\/div><div class=\"d-flex justify-content-center\"><button data-item=\"decouvrez_link\" data-group=\"website_links\" class=\"goto fw-bold rounded-pill btn btn-orange\" aria-label=\"Pobierz aplikacj\u0119 Teddyslot\" >Pobierz aplikacj\u0119 Teddyslot<\/button><\/div><div class=\"scrollable-content-wrap my-5\"><div class=\"scrollable-content-inner\"><h2>G\u0142\u00f3wne zalety wersji mobilnej<\/h2>\n<p>Nasza aplikacja to idealne rozwi\u0105zanie dla u\u017cytkownik\u00f3w mobilnych. Dzi\u0119ki niej mo\u017cesz szybko uzyska\u0107 dost\u0119p do naszego katalogu gier i z \u0142atwo\u015bci\u0105 zarz\u0105dza\u0107 danymi osobowymi. Oto g\u0142\u00f3wne zalety mobilnej wersji naszego kasyna:<\/p>\n<ul>\n<li>Szybszy dost\u0119p do ulubionych automat\u00f3w i funkcji profilu<\/li>\n<li>\u0141atwiejsze przegl\u0105danie i zarz\u0105dzanie p\u0142atno\u015bciami dzi\u0119ki sterowaniu dotykowemu<\/li>\n<li>Twoje dane s\u0105 automatycznie synchronizowane na wszystkich urz\u0105dzeniach<\/li>\n<li>Aplikacja PWA dzia\u0142a w trybie offline, wi\u0119c mo\u017cesz sprawdzi\u0107 niekt\u00f3re informacje na swoim koncie nawet bez po\u0142\u0105czenia z internetem<\/li>\n<\/ul>\n<p>Aplikacja Teddy Slot odpowiada r\u00f3\u017cnym nawykom i stylom u\u017cytkownik\u00f3w. Podczas gdy niekt\u00f3rzy gracze lubi\u0105 otwiera\u0107 platform\u0119 na kr\u00f3tk\u0105 sesj\u0119 i wychodzi\u0107 po kilku minutach, inni maj\u0105 tendencj\u0119 do przegl\u0105dania kategorii, sprawdzania ofert lub powracania do gier, kt\u00f3re ju\u017c znaj\u0105. Teddyslot obs\u0142uguje oba style dzi\u0119ki uk\u0142adowi, kt\u00f3ry pozostaje kompaktowy, ale nadal jest \u0142atwy w u\u017cyciu.<\/p>\n<h2>Bezpiecze\u0144stwo i kontrola konta<\/h2>\n<p>Kasyno Teddyslot zapewnia bezpieczny i \u0142atwy w zarz\u0105dzaniu dost\u0119p mobilny. Nasze zaawansowane protoko\u0142y szyfrowania danych chroni\u0105 Twoje loginy i transakcje finansowe, a standardowa procedura weryfikacji konta zapewnia bezpieczniejsze wyp\u0142aty i operacje na koncie.<\/p>\n<p>Dodatkowo mo\u017cesz zabezpieczy\u0107 swoje konto w mobilnym kasynie za pomoc\u0105 2FA. Ta funkcja bezpiecze\u0144stwa zapewnia pewny spos\u00f3b na ograniczenie ryzyka nieautoryzowanego dost\u0119pu do Twoich poufnych informacji i ich niew\u0142a\u015bciwego wykorzystania.<\/p>\n<table>\n<tbody>\n<tr>\n<td>Obszar bezpiecze\u0144stwa<\/td>\n<td>Czym zajmuje si\u0119 wersja mobilna?<\/td>\n<td>Dlaczego jest to pomocne?<\/td>\n<\/tr>\n<tr>\n<td>Bezpieczne po\u0142\u0105czenie<\/td>\n<td>Chroni dane logowania i p\u0142atno\u015bci podczas korzystania<\/td>\n<td>Zmniejsza ryzyko ujawnienia aktywno\u015bci na koncie<\/td>\n<\/tr>\n<tr>\n<td>Sprawdzanie konta<\/td>\n<td>Umo\u017cliwia przegl\u0105danie wa\u017cnych dzia\u0142a\u0144<\/td>\n<td>Pomaga zwi\u0119kszy\u0107 bezpiecze\u0144stwo wyp\u0142at i zmian w profilu<\/td>\n<\/tr>\n<tr>\n<td>Kontrola sesji<\/td>\n<td>Utrzymuje podstawowe narz\u0119dzia konta w jednym przejrzystym miejscu<\/td>\n<td>U\u0142atwia przegl\u0105danie wa\u017cnych dzia\u0142a\u0144<\/td>\n<\/tr>\n<tr>\n<td>2FA<\/td>\n<td>U\u0142atwia wprowadzenie jednorazowego kodu podczas logowania<\/td>\n<td>Pomaga graczom chroni\u0107 ich dane osobowe<\/td>\n<\/tr>\n<\/tbody>\n<\/table>\n<h2>Cz\u0119sto zadawane pytania<\/h2>\n<h3>Czy mog\u0119 korzysta\u0107 z tego samego konta na telefonie i komputerze?<\/h3>\n<p>Teddyslot prowadzi jedno konto dla wszystkich obs\u0142ugiwanych urz\u0105dze\u0144. Loguj\u0105c si\u0119 na urz\u0105dzeniu mobilnym lub komputerze stacjonarnym, korzystasz z tego samego salda, ustawie\u0144 profilu i historii gier, wi\u0119c nie ma potrzeby tworzenia ani zarz\u0105dzania drugim kontem.<\/p>\n<h3>Jak mog\u0119 zainstalowa\u0107 aplikacj\u0119 Teddyslot na moim smartfonie?<\/h3>\n<p>Mo\u017cesz to zrobi\u0107 w dw\u00f3ch prostych krokach: 1. Otw\u00f3rz nasz\u0105 stron\u0119 internetow\u0105 w przegl\u0105darce mobilnej i 2. Zapisz skr\u00f3t do kasyna na ekranie g\u0142\u00f3wnym. Nast\u0119pnie na ekranie pojawi si\u0119 ikona aplikacji, co znacznie przyspieszy otwieranie kasyna podczas przysz\u0142ych wizyt.<\/p>\n<h3>Czy musz\u0119 pobra\u0107 co\u015b ze sklepu z aplikacjami?<\/h3>\n<p>Wersja mobilna dzia\u0142a bezpo\u015brednio w przegl\u0105darce, wi\u0119c nie jest wymagane pobieranie aplikacji ze sklepu. Skr\u00f3t na ekranie g\u0142\u00f3wnym zapewnia ju\u017c podobne wra\u017cenia jak w przypadku aplikacji.<\/p>\n<h3>Jak mog\u0119 dokonywa\u0107 wp\u0142at i wyp\u0142at za po\u015brednictwem aplikacji?<\/h3>\n<p>Nasze kasyno mobilne dzia\u0142a tak samo jak g\u0142\u00f3wna wersja strony. Aby dokona\u0107 jakiejkolwiek transakcji finansowej, wystarczy otworzy\u0107 interfejs Portfela, klikn\u0105\u0107 przycisk wp\u0142aty lub wyp\u0142aty, wybra\u0107 metod\u0119 p\u0142atno\u015bci i wype\u0142ni\u0107 formularz p\u0142atno\u015bci.<\/p>\n<h3>Czy wersja mobilna obs\u0142uguje gry na \u017cywo?<\/h3>\n<p>Uk\u0142ad mobilny obs\u0142uguje gry na \u017cywo i zapewnia do nich \u0142atwy dost\u0119p z g\u0142\u00f3wnego lobby. Gracze mog\u0105 otwiera\u0107 sto\u0142y, \u015bledzi\u0107 sesj\u0119 i wraca\u0107 do menu bez dodatkowych czynno\u015bci.<\/p>\n<\/div><\/div><\/p>\n","protected":false},"excerpt":{"rendered":"<p>Teddyslot App Korzystaj\u0105c z Teddyslot App, polscy gracze mog\u0105 \u0142atwo otworzy\u0107 swoje konto na telefonie lub tablecie i u\u017cywa\u0107 tych samych danych logowania na r\u00f3\u017cnych urz\u0105dzeniach. Mobilna wersja naszego kasyna sprawdza si\u0119 dobrze podczas szybkich sesji, codziennej gry i sprawdzania stanu konta (nawet w trybie offline). Zaprojektowali\u015bmy kasyno Teddyslot tak, aby automatycznie dostosowywa\u0142o si\u0119 do [&hellip;]<\/p>\n","protected":false},"author":1,"featured_media":0,"parent":0,"menu_order":0,"comment_status":"closed","ping_status":"closed","template":"template-builder.php","meta":{"_acf_changed":false,"inline_featured_image":false,"footnotes":""},"class_list":["post-1447","page","type-page","status-publish","hentry"],"acf":[],"yoast_head":"<!-- This site is optimized with the Yoast SEO plugin v27.3 - https:\/\/yoast.com\/product\/yoast-seo-wordpress\/ -->\n<title>Teddyslot App | Bezpieczna gra kasynowa na ka\u017cdym urz\u0105dzeniu<\/title>\n<meta name=\"description\" content=\"Aplikacja Teddyslot zapewnia szybki dost\u0119p na Androidzie i iOS z p\u0142ynn\u0105 rozgrywk\u0105, bezpiecznymi p\u0142atno\u015bciami, synchronizacj\u0105 kont i pomocn\u0105 obs\u0142ug\u0105 klienta w jednym miejscu.\" \/>\n<meta name=\"robots\" content=\"index, follow, max-snippet:-1, max-image-preview:large, max-video-preview:-1\" \/>\n<link rel=\"canonical\" href=\"https:\/\/thrtaddyslot.com\/pl\/aplikacja\/\" \/>\n<meta property=\"og:locale\" content=\"pl_PL\" \/>\n<meta property=\"og:type\" content=\"article\" \/>\n<meta property=\"og:title\" content=\"Teddyslot App | Bezpieczna gra kasynowa na ka\u017cdym urz\u0105dzeniu\" \/>\n<meta property=\"og:description\" content=\"Aplikacja Teddyslot zapewnia szybki dost\u0119p na Androidzie i iOS z p\u0142ynn\u0105 rozgrywk\u0105, bezpiecznymi p\u0142atno\u015bciami, synchronizacj\u0105 kont i pomocn\u0105 obs\u0142ug\u0105 klienta w jednym miejscu.\" \/>\n<meta property=\"og:url\" content=\"https:\/\/thrtaddyslot.com\/pl\/aplikacja\/\" \/>\n<meta property=\"og:site_name\" content=\"teddyslot\" \/>\n<meta property=\"article:modified_time\" content=\"2026-04-06T06:44:18+00:00\" \/>\n<meta name=\"twitter:card\" content=\"summary_large_image\" \/>\n<meta name=\"twitter:label1\" content=\"Est. reading time\" \/>\n\t<meta name=\"twitter:data1\" content=\"2 minuty\" \/>\n<script type=\"application\/ld+json\" class=\"yoast-schema-graph\">{\"@context\":\"https:\\\/\\\/schema.org\",\"@graph\":[{\"@type\":\"WebPage\",\"@id\":\"https:\\\/\\\/thrtaddyslot.com\\\/pl\\\/aplikacja\\\/\",\"url\":\"https:\\\/\\\/thrtaddyslot.com\\\/pl\\\/aplikacja\\\/\",\"name\":\"Teddyslot App | Bezpieczna gra kasynowa na ka\u017cdym urz\u0105dzeniu\",\"isPartOf\":{\"@id\":\"https:\\\/\\\/thrtaddyslot.com\\\/pl\\\/#website\"},\"datePublished\":\"2026-01-20T12:08:23+00:00\",\"dateModified\":\"2026-04-06T06:44:18+00:00\",\"description\":\"Aplikacja Teddyslot zapewnia szybki dost\u0119p na Androidzie i iOS z p\u0142ynn\u0105 rozgrywk\u0105, bezpiecznymi p\u0142atno\u015bciami, synchronizacj\u0105 kont i pomocn\u0105 obs\u0142ug\u0105 klienta w jednym miejscu.\",\"breadcrumb\":{\"@id\":\"https:\\\/\\\/thrtaddyslot.com\\\/pl\\\/aplikacja\\\/#breadcrumb\"},\"inLanguage\":\"pl-PL\",\"potentialAction\":[{\"@type\":\"ReadAction\",\"target\":[\"https:\\\/\\\/thrtaddyslot.com\\\/pl\\\/aplikacja\\\/\"]}]},{\"@type\":\"BreadcrumbList\",\"@id\":\"https:\\\/\\\/thrtaddyslot.com\\\/pl\\\/aplikacja\\\/#breadcrumb\",\"itemListElement\":[{\"@type\":\"ListItem\",\"position\":1,\"name\":\"Teddyslot\",\"item\":\"https:\\\/\\\/thrtaddyslot.com\\\/pl\\\/\"},{\"@type\":\"ListItem\",\"position\":2,\"name\":\"Aplikacja\"}]},{\"@type\":\"WebSite\",\"@id\":\"https:\\\/\\\/thrtaddyslot.com\\\/pl\\\/#website\",\"url\":\"https:\\\/\\\/thrtaddyslot.com\\\/pl\\\/\",\"name\":\"Teddyslot\",\"description\":\"\",\"publisher\":{\"@id\":\"https:\\\/\\\/thrtaddyslot.com\\\/pl\\\/#organization\"},\"potentialAction\":[{\"@type\":\"SearchAction\",\"target\":{\"@type\":\"EntryPoint\",\"urlTemplate\":\"https:\\\/\\\/thrtaddyslot.com\\\/pl\\\/?s={search_term_string}\"},\"query-input\":{\"@type\":\"PropertyValueSpecification\",\"valueRequired\":true,\"valueName\":\"search_term_string\"}}],\"inLanguage\":\"pl-PL\"},{\"@type\":\"Organization\",\"@id\":\"https:\\\/\\\/thrtaddyslot.com\\\/pl\\\/#organization\",\"name\":\"Teddyslot\",\"url\":\"https:\\\/\\\/thrtaddyslot.com\\\/pl\\\/\",\"logo\":{\"@type\":\"ImageObject\",\"inLanguage\":\"pl-PL\",\"@id\":\"https:\\\/\\\/thrtaddyslot.com\\\/pl\\\/#\\\/schema\\\/logo\\\/image\\\/\",\"url\":\"https:\\\/\\\/thrtaddyslot.com\\\/wp-content\\\/uploads\\\/2026\\\/04\\\/teddyslot-logo.png\",\"contentUrl\":\"https:\\\/\\\/thrtaddyslot.com\\\/wp-content\\\/uploads\\\/2026\\\/04\\\/teddyslot-logo.png\",\"width\":140,\"height\":32,\"caption\":\"Teddyslot\"},\"image\":{\"@id\":\"https:\\\/\\\/thrtaddyslot.com\\\/pl\\\/#\\\/schema\\\/logo\\\/image\\\/\"}}]}<\/script>\n<!-- \/ Yoast SEO plugin. -->","yoast_head_json":{"title":"Teddyslot App | Bezpieczna gra kasynowa na ka\u017cdym urz\u0105dzeniu","description":"Aplikacja Teddyslot zapewnia szybki dost\u0119p na Androidzie i iOS z p\u0142ynn\u0105 rozgrywk\u0105, bezpiecznymi p\u0142atno\u015bciami, synchronizacj\u0105 kont i pomocn\u0105 obs\u0142ug\u0105 klienta w jednym miejscu.","robots":{"index":"index","follow":"follow","max-snippet":"max-snippet:-1","max-image-preview":"max-image-preview:large","max-video-preview":"max-video-preview:-1"},"canonical":"https:\/\/thrtaddyslot.com\/pl\/aplikacja\/","og_locale":"pl_PL","og_type":"article","og_title":"Teddyslot App | Bezpieczna gra kasynowa na ka\u017cdym urz\u0105dzeniu","og_description":"Aplikacja Teddyslot zapewnia szybki dost\u0119p na Androidzie i iOS z p\u0142ynn\u0105 rozgrywk\u0105, bezpiecznymi p\u0142atno\u015bciami, synchronizacj\u0105 kont i pomocn\u0105 obs\u0142ug\u0105 klienta w jednym miejscu.","og_url":"https:\/\/thrtaddyslot.com\/pl\/aplikacja\/","og_site_name":"teddyslot","article_modified_time":"2026-04-06T06:44:18+00:00","twitter_card":"summary_large_image","twitter_misc":{"Est. reading time":"2 minuty"},"schema":{"@context":"https:\/\/schema.org","@graph":[{"@type":"WebPage","@id":"https:\/\/thrtaddyslot.com\/pl\/aplikacja\/","url":"https:\/\/thrtaddyslot.com\/pl\/aplikacja\/","name":"Teddyslot App | Bezpieczna gra kasynowa na ka\u017cdym urz\u0105dzeniu","isPartOf":{"@id":"https:\/\/thrtaddyslot.com\/pl\/#website"},"datePublished":"2026-01-20T12:08:23+00:00","dateModified":"2026-04-06T06:44:18+00:00","description":"Aplikacja Teddyslot zapewnia szybki dost\u0119p na Androidzie i iOS z p\u0142ynn\u0105 rozgrywk\u0105, bezpiecznymi p\u0142atno\u015bciami, synchronizacj\u0105 kont i pomocn\u0105 obs\u0142ug\u0105 klienta w jednym miejscu.","breadcrumb":{"@id":"https:\/\/thrtaddyslot.com\/pl\/aplikacja\/#breadcrumb"},"inLanguage":"pl-PL","potentialAction":[{"@type":"ReadAction","target":["https:\/\/thrtaddyslot.com\/pl\/aplikacja\/"]}]},{"@type":"BreadcrumbList","@id":"https:\/\/thrtaddyslot.com\/pl\/aplikacja\/#breadcrumb","itemListElement":[{"@type":"ListItem","position":1,"name":"Teddyslot","item":"https:\/\/thrtaddyslot.com\/pl\/"},{"@type":"ListItem","position":2,"name":"Aplikacja"}]},{"@type":"WebSite","@id":"https:\/\/thrtaddyslot.com\/pl\/#website","url":"https:\/\/thrtaddyslot.com\/pl\/","name":"Teddyslot","description":"","publisher":{"@id":"https:\/\/thrtaddyslot.com\/pl\/#organization"},"potentialAction":[{"@type":"SearchAction","target":{"@type":"EntryPoint","urlTemplate":"https:\/\/thrtaddyslot.com\/pl\/?s={search_term_string}"},"query-input":{"@type":"PropertyValueSpecification","valueRequired":true,"valueName":"search_term_string"}}],"inLanguage":"pl-PL"},{"@type":"Organization","@id":"https:\/\/thrtaddyslot.com\/pl\/#organization","name":"Teddyslot","url":"https:\/\/thrtaddyslot.com\/pl\/","logo":{"@type":"ImageObject","inLanguage":"pl-PL","@id":"https:\/\/thrtaddyslot.com\/pl\/#\/schema\/logo\/image\/","url":"https:\/\/thrtaddyslot.com\/wp-content\/uploads\/2026\/04\/teddyslot-logo.png","contentUrl":"https:\/\/thrtaddyslot.com\/wp-content\/uploads\/2026\/04\/teddyslot-logo.png","width":140,"height":32,"caption":"Teddyslot"},"image":{"@id":"https:\/\/thrtaddyslot.com\/pl\/#\/schema\/logo\/image\/"}}]}},"_links":{"self":[{"href":"https:\/\/thrtaddyslot.com\/pl\/wp-json\/wp\/v2\/pages\/1447","targetHints":{"allow":["GET"]}}],"collection":[{"href":"https:\/\/thrtaddyslot.com\/pl\/wp-json\/wp\/v2\/pages"}],"about":[{"href":"https:\/\/thrtaddyslot.com\/pl\/wp-json\/wp\/v2\/types\/page"}],"author":[{"embeddable":true,"href":"https:\/\/thrtaddyslot.com\/pl\/wp-json\/wp\/v2\/users\/1"}],"replies":[{"embeddable":true,"href":"https:\/\/thrtaddyslot.com\/pl\/wp-json\/wp\/v2\/comments?post=1447"}],"version-history":[{"count":3,"href":"https:\/\/thrtaddyslot.com\/pl\/wp-json\/wp\/v2\/pages\/1447\/revisions"}],"predecessor-version":[{"id":2085,"href":"https:\/\/thrtaddyslot.com\/pl\/wp-json\/wp\/v2\/pages\/1447\/revisions\/2085"}],"wp:attachment":[{"href":"https:\/\/thrtaddyslot.com\/pl\/wp-json\/wp\/v2\/media?parent=1447"}],"curies":[{"name":"wp","href":"https:\/\/api.w.org\/{rel}","templated":true}]}}