{"id":1449,"date":"2026-01-20T12:08:23","date_gmt":"2026-01-20T12:08:23","guid":{"rendered":"https:\/\/bonuskongcasino.com\/app-2\/"},"modified":"2026-04-06T08:10:21","modified_gmt":"2026-04-06T07:10:21","slug":"aplicacion","status":"publish","type":"page","link":"https:\/\/thrtaddyslot.com\/es\/aplicacion\/","title":{"rendered":"Aplicaci\u00f3n"},"content":{"rendered":"<h1>Teddyslot App<\/h1>\n<p>Con la Teddyslot App, los jugadores espa\u00f1oles pueden abrir f\u00e1cilmente su cuenta en un tel\u00e9fono o tableta y utilizar las mismas credenciales de inicio de sesi\u00f3n en todos los dispositivos. La versi\u00f3n m\u00f3vil de nuestro casino funciona bien para sesiones r\u00e1pidas, juego diario y comprobaciones de la cuenta (incluso si est\u00e1s sin conexi\u00f3n).<\/p>\n<p>Hemos dise\u00f1ado Teddyslot Casino para que se adapte autom\u00e1ticamente a pantallas m\u00e1s peque\u00f1as. Los men\u00fas siguen siendo f\u00e1ciles de seguir, las cartas de los juegos se ven bien y el formulario de dep\u00f3sito es c\u00f3modo de usar. Independientemente del dispositivo desde el que accedas, puedes pasar del vest\u00edbulo a los pagos, al servicio de atenci\u00f3n al cliente o a la configuraci\u00f3n del perfil sin pasos adicionales.<\/p>\n<div class=\"banner-wrap\" aria-label=\"Banner\"><img src=\"https:\/\/thrtaddyslot.com\/wp-content\/uploads\/2026\/04\/teddyslot-bnr.webp\" class=\"w-100 d-none d-lg-block img-pc main-banner-img\" alt=\"teddyslot promotion desktop\" fetchpriority=\"high\" decoding=\"async\"><img src=\"https:\/\/thrtaddyslot.com\/wp-content\/uploads\/2026\/04\/teddyslot-bnr-mobile.webp\" class=\"w-100 d-none d-md-block d-lg-none main-banner-img\" alt=\"teddyslot promotion mobile\" fetchpriority=\"high\" decoding=\"async\"><img src=\"https:\/\/thrtaddyslot.com\/wp-content\/uploads\/2026\/04\/teddyslot-bnr-mobile.webp\" class=\"w-100 d-md-none\" alt=\"teddyslot promotion mobile\" fetchpriority=\"high\" decoding=\"async\"><div class=\"banner-description\">\n<div class=\"banner-title\">Bonos de bienvenida<\/div>\n<p class=\"banner-header-title\">1500 \u20ac<\/p>\n<div class=\"banner-header-AdditionalText\">+ 250 Tiradas gratis<\/div>\n<button data-item=\"homepage_banner_link\" class=\"goto m-button m-gradient-border m-button--primary m-button--large banner-button btn-orange\">\n            <div class=\"m-button-content\">\n                <span>Reg\u00edstrate ahora<\/span>\n                <span><\/span>\n            <\/div>\n        <\/button>\n<\/div>\n<div class=\"WelcomePack\">\n<p><img loading=\"lazy\" decoding=\"async\" class=\"alignnone size-full wp-image-1857\" src=\"https:\/\/thrtaddyslot.com\/wp-content\/uploads\/2026\/04\/welcome-crown.png\" alt=\"crown\" width=\"25\" height=\"26\" \/><\/p>\n<div class=\"WelcomePack-Info\">Reembolso semanal de hasta el 25 %<\/div>\n<p><img loading=\"lazy\" decoding=\"async\" class=\"alignnone size-full wp-image-1857\" src=\"https:\/\/thrtaddyslot.com\/wp-content\/uploads\/2026\/04\/welcome-crown.png\" alt=\"crown\" width=\"25\" height=\"26\" \/><\/p>\n<\/div>\n<\/div>\n<h2>Caracter\u00edsticas principales de nuestro casino m\u00f3vil<\/h2>\n<p>La aplicaci\u00f3n de Teddyslot te permite disfrutar c\u00f3modamente de los mejores juegos de casino incluso cuando est\u00e1s fuera de casa. Permite un acceso mucho m\u00e1s r\u00e1pido a nuestro lobby y otras interfaces. Adem\u00e1s, sirve como centro centralizado para las principales herramientas y datos de la cuenta.<\/p>\n<p>Para iniciar sesi\u00f3n en Teddyslot Casino desde un smartphone o una tableta, no necesitas crear una nueva cuenta. Tu saldo, ajustes y actividad reciente se sincronizan entre dispositivos, lo que facilita continuar la misma sesi\u00f3n de cuenta en otra pantalla.<\/p>\n<p>Esto es lo que puedes hacer a trav\u00e9s de la aplicaci\u00f3n de Teddyslot:<\/p>\n<ul>\n<li>Abrir el lobby r\u00e1pidamente y navegar entre tragamonedas, juegos en vivo y ofertas actuales<\/li>\n<li>Utilizar la interfaz del monedero para realizar dep\u00f3sitos, retiradas y consultar el estado de la cuenta<\/li>\n<li>Buscar t\u00edtulos m\u00e1s r\u00e1pido y volver a los juegos guardados con menos navegaci\u00f3n<\/li>\n<li>Ponte en contacto con el servicio de atenci\u00f3n al cliente desde el m\u00f3vil cuando necesites ayuda<\/li>\n<\/ul>\n<p>Teddy Slot mantiene un dise\u00f1o m\u00f3vil claro y f\u00e1cil de consultar. Los botones son c\u00f3modos de pulsar, el men\u00fa es compacto y las secciones principales permanecen visibles sin que la pantalla resulte recargada.<\/p>\n<table>\n<tbody>\n<tr>\n<td>Tarea m\u00f3vil<\/td>\n<td>\u00bfEn qu\u00e9 ayuda la versi\u00f3n de la aplicaci\u00f3n?<\/td>\n<td>\u00bfPor qu\u00e9 es importante?<\/td>\n<\/tr>\n<tr>\n<td>Iniciar una sesi\u00f3n corta<\/td>\n<td>Se abre desde un icono guardado<\/td>\n<td>Llegas al vest\u00edbulo m\u00e1s r\u00e1pido<\/td>\n<\/tr>\n<tr>\n<td>Contin\u00faa en otro dispositivo<\/td>\n<td>Utiliza la misma cuenta<\/td>\n<td>Tu saldo y tus ajustes permanecen sincronizados<\/td>\n<\/tr>\n<tr>\n<td>Encuentra un juego espec\u00edfico<\/td>\n<td>Mantiene la b\u00fasqueda y los filtros a mano<\/td>\n<td>Pasas menos tiempo desplaz\u00e1ndote<\/td>\n<\/tr>\n<tr>\n<td>Comprueba los pagos<\/td>\n<td>Abre el cajero desde el mismo men\u00fa<\/td>\n<td>Los dep\u00f3sitos y retiros son m\u00e1s f\u00e1ciles de gestionar<\/td>\n<\/tr>\n<\/tbody>\n<\/table>\n<p><div class=\"scrollable-content-wrap my-5\"><div class=\"scrollable-content-inner\"><h2>Acceso desde Android<\/h2>\n<p>Para utilizar la plataforma en Android, abre la p\u00e1gina web oficial en tu navegador y a\u00f1\u00e1dela a tu pantalla de inicio. Esto crea un acceso directo que funciona como el icono de una aplicaci\u00f3n normal, por lo que puedes iniciar la aplicaci\u00f3n de Teddy Slot con un solo toque y volver a tu cuenta sin abrir una nueva pesta\u00f1a ni buscar la p\u00e1gina web de nuevo.<\/p>\n<p>Algunos usuarios buscan un APK de Teddyslot, pero nuestro sitio ya funciona como una PWA. Esto significa que solo tienes que a\u00f1adir la aplicaci\u00f3n a la pantalla de inicio y, a continuaci\u00f3n, iniciarla desde all\u00ed sin necesidad de instalar un archivo por separado.<\/p>\n<p>Adem\u00e1s, funciona sin necesidad de actualizaciones manuales. Los jugadores pueden utilizar la versi\u00f3n actual a trav\u00e9s del sitio web y volver a ella desde un acceso directo guardado en la pantalla de inicio.<\/p>\n<p><img loading=\"lazy\" decoding=\"async\" class=\"alignnone size-full wp-image-1913\" src=\"https:\/\/thrtaddyslot.com\/wp-content\/uploads\/2026\/04\/Teddyslot-Android.webp\" alt=\"Teddyslot Android\" width=\"1248\" height=\"536\" srcset=\"https:\/\/thrtaddyslot.com\/wp-content\/uploads\/2026\/04\/Teddyslot-Android.webp 1248w, https:\/\/thrtaddyslot.com\/wp-content\/uploads\/2026\/04\/Teddyslot-Android-300x129.webp 300w, https:\/\/thrtaddyslot.com\/wp-content\/uploads\/2026\/04\/Teddyslot-Android-1024x440.webp 1024w, https:\/\/thrtaddyslot.com\/wp-content\/uploads\/2026\/04\/Teddyslot-Android-768x330.webp 768w\" sizes=\"auto, (max-width: 1248px) 100vw, 1248px\" \/><\/p>\n<\/div><\/div><div style=\"clear: both\"><\/div><div class=\"d-flex justify-content-center\"><button data-item=\"decouvrez_link\" data-group=\"website_links\" class=\"goto fw-bold rounded-pill btn btn-orange\" aria-label=\"Descarga la aplicaci\u00f3n Teddyslot\" >Descarga la aplicaci\u00f3n Teddyslot<\/button><\/div><div class=\"scrollable-content-wrap my-5\"><div class=\"scrollable-content-inner\"><h2>Acceso desde iPhone y iPad<\/h2>\n<p>Para utilizar Teddyslot en iPhone y iPad, abre el sitio web oficial en tu navegador principal y gu\u00e1rdalo en tu pantalla de inicio. Despu\u00e9s, podr\u00e1s abrir la plataforma directamente desde el icono e ir directamente al vest\u00edbulo.<\/p>\n<p>Esta configuraci\u00f3n ayuda a reducir los pasos repetitivos y facilita el acceso en el uso diario. No es necesario volver a entrar en el sitio web a trav\u00e9s de un navegador: la aplicaci\u00f3n de Teddy Slot se abre en una vista m\u00e1s limpia y centrada. Tambi\u00e9n facilita la gesti\u00f3n de la navegaci\u00f3n, los pagos y las acciones de la cuenta en una pantalla m\u00e1s peque\u00f1a.<\/p>\n<p><img loading=\"lazy\" decoding=\"async\" class=\"alignnone size-full wp-image-1937\" src=\"https:\/\/thrtaddyslot.com\/wp-content\/uploads\/2026\/04\/Teddyslot-iOS.webp\" alt=\"Teddyslot iOS\" width=\"1248\" height=\"536\" srcset=\"https:\/\/thrtaddyslot.com\/wp-content\/uploads\/2026\/04\/Teddyslot-iOS.webp 1248w, https:\/\/thrtaddyslot.com\/wp-content\/uploads\/2026\/04\/Teddyslot-iOS-300x129.webp 300w, https:\/\/thrtaddyslot.com\/wp-content\/uploads\/2026\/04\/Teddyslot-iOS-1024x440.webp 1024w, https:\/\/thrtaddyslot.com\/wp-content\/uploads\/2026\/04\/Teddyslot-iOS-768x330.webp 768w\" sizes=\"auto, (max-width: 1248px) 100vw, 1248px\" \/><\/p>\n<\/div><\/div><div style=\"clear: both\"><\/div><div class=\"d-flex justify-content-center\"><button data-item=\"decouvrez_link\" data-group=\"website_links\" class=\"goto fw-bold rounded-pill btn btn-orange\" aria-label=\"Descargar Teddyslot\" >Descargar Teddyslot<\/button><\/div><div class=\"scrollable-content-wrap my-5\"><div class=\"scrollable-content-inner\"><h2>Windows, macOS y tabletas<\/h2>\n<p>En las tabletas, Teddyslot resulta menos agobiante que en un tel\u00e9fono. La pantalla m\u00e1s grande facilita la navegaci\u00f3n por las categor\u00edas, la apertura de p\u00e1ginas de juegos y el desplazamiento por el vest\u00edbulo con controles t\u00e1ctiles.<\/p>\n<p>En Windows y macOS, la plataforma se abre en un navegador y utiliza un dise\u00f1o m\u00e1s amplio. Esto ofrece a los jugadores m\u00e1s espacio para los juegos en vivo, la gesti\u00f3n de la cuenta y la navegaci\u00f3n general. Teddyslot Casino tambi\u00e9n mantiene una cuenta compartida en todos los dispositivos, por lo que los jugadores pueden cambiar de pantalla sin necesidad de crear un nuevo perfil.<\/p>\n<p><img loading=\"lazy\" decoding=\"async\" class=\"alignnone size-full wp-image-1929\" src=\"https:\/\/thrtaddyslot.com\/wp-content\/uploads\/2026\/04\/Teddyslot-Desktop.webp\" alt=\"Teddyslot Desktop\" width=\"1248\" height=\"536\" srcset=\"https:\/\/thrtaddyslot.com\/wp-content\/uploads\/2026\/04\/Teddyslot-Desktop.webp 1248w, https:\/\/thrtaddyslot.com\/wp-content\/uploads\/2026\/04\/Teddyslot-Desktop-300x129.webp 300w, https:\/\/thrtaddyslot.com\/wp-content\/uploads\/2026\/04\/Teddyslot-Desktop-1024x440.webp 1024w, https:\/\/thrtaddyslot.com\/wp-content\/uploads\/2026\/04\/Teddyslot-Desktop-768x330.webp 768w\" sizes=\"auto, (max-width: 1248px) 100vw, 1248px\" \/><\/p>\n<\/div><\/div><div style=\"clear: both\"><\/div><div class=\"d-flex justify-content-center\"><button data-item=\"decouvrez_link\" data-group=\"website_links\" class=\"goto fw-bold rounded-pill btn btn-orange\" aria-label=\"Descarga la aplicaci\u00f3n Teddyslot\" >Descarga la aplicaci\u00f3n Teddyslot<\/button><\/div><div class=\"scrollable-content-wrap my-5\"><div class=\"scrollable-content-inner\"><h2>Principales ventajas de la versi\u00f3n m\u00f3vil<\/h2>\n<p>Nuestra aplicaci\u00f3n es la soluci\u00f3n perfecta para los usuarios de dispositivos m\u00f3viles. Con su ayuda, puedes acceder r\u00e1pidamente a nuestro cat\u00e1logo de juegos y gestionar tus datos personales con facilidad. Estas son las principales ventajas de la versi\u00f3n m\u00f3vil de nuestro casino:<\/p>\n<ul>\n<li>Acceso m\u00e1s r\u00e1pido a tus tragaperras favoritas y a las funciones de tu perfil<\/li>\n<li>Navegaci\u00f3n y gesti\u00f3n de pagos m\u00e1s sencillas gracias a los controles t\u00e1ctiles<\/li>\n<li>Tus datos se sincronizan autom\u00e1ticamente entre dispositivos<\/li>\n<li>La PWA funciona sin conexi\u00f3n, por lo que puedes consultar cierta informaci\u00f3n de tu cuenta incluso sin conexi\u00f3n a Internet<\/li>\n<\/ul>\n<p>La aplicaci\u00f3n Teddy Slot se adapta a los diferentes h\u00e1bitos y estilos de los usuarios. Mientras que a algunos jugadores les gusta abrir la plataforma para una sesi\u00f3n breve y salir en unos minutos, otros tienden a navegar por las categor\u00edas, consultar ofertas o volver a juegos que ya conocen. Teddyslot es compatible con ambos estilos gracias a un dise\u00f1o que se mantiene compacto pero sigue siendo f\u00e1cil de usar.<\/p>\n<h2>Seguridad y control de la cuenta<\/h2>\n<p>Teddyslot Casino garantiza un acceso m\u00f3vil seguro y f\u00e1cil de gestionar. Nuestros protocolos avanzados de cifrado de datos protegen tus inicios de sesi\u00f3n y transacciones financieras, mientras que un procedimiento est\u00e1ndar de verificaci\u00f3n de cuenta permite realizar retiradas y acciones en la cuenta de forma m\u00e1s segura.<\/p>\n<p>Adem\u00e1s, puedes proteger tu cuenta del casino m\u00f3vil con la ayuda de la autenticaci\u00f3n de dos factores (2FA). Esta funci\u00f3n de seguridad ofrece una forma segura de mitigar el riesgo de acceso no autorizado a tu informaci\u00f3n confidencial y su uso indebido.<\/p>\n<table>\n<tbody>\n<tr>\n<td>\u00c1rea de seguridad<\/td>\n<td>\u00bfQu\u00e9 ofrece la versi\u00f3n m\u00f3vil?<\/td>\n<td>\u00bfPor qu\u00e9 es \u00fatil?<\/td>\n<\/tr>\n<tr>\n<td>Conexi\u00f3n segura<\/td>\n<td>Protege los datos de inicio de sesi\u00f3n y de pago durante el uso<\/td>\n<td>Reduce el riesgo de que se exponga la actividad de la cuenta<\/td>\n<\/tr>\n<tr>\n<td>Comprobaciones de la cuenta<\/td>\n<td>Permite revisar las acciones importantes<\/td>\n<td>Ayuda a que los retiros y los cambios de perfil sean m\u00e1s seguros<\/td>\n<\/tr>\n<tr>\n<td>Control de sesi\u00f3n<\/td>\n<td>Mantiene las herramientas principales de la cuenta en una zona clara<\/td>\n<td>Facilita la revisi\u00f3n de acciones importantes<\/td>\n<\/tr>\n<tr>\n<td>2FA<\/td>\n<td>Facilita la introducci\u00f3n de un c\u00f3digo de un solo uso al iniciar sesi\u00f3n<\/td>\n<td>Ayuda a los jugadores a proteger sus datos personales<\/td>\n<\/tr>\n<\/tbody>\n<\/table>\n<h2>Preguntas frecuentes<\/h2>\n<h3>\u00bfPuedo usar la misma cuenta en el m\u00f3vil y en el ordenador?<\/h3>\n<p>Teddyslot mantiene una sola cuenta para todos los dispositivos compatibles. Cuando inicias sesi\u00f3n en el m\u00f3vil o en el ordenador, utilizas el mismo saldo, la misma configuraci\u00f3n de perfil y el mismo historial de juego, por lo que no es necesario crear ni gestionar una segunda cuenta.<\/p>\n<h3>\u00bfC\u00f3mo puedo instalar la aplicaci\u00f3n de Teddyslot en mi smartphone?<\/h3>\n<p>Puedes hacerlo en dos sencillos pasos: 1. Abre nuestra p\u00e1gina web en el navegador de tu m\u00f3vil, y 2. Guarda el acceso directo al casino en tu pantalla de inicio. A continuaci\u00f3n, aparecer\u00e1 el icono de la aplicaci\u00f3n en tu pantalla, lo que te permitir\u00e1 abrir el casino mucho m\u00e1s r\u00e1pido en futuras visitas.<\/p>\n<h3>\u00bfTengo que instalar algo desde una tienda de aplicaciones?<\/h3>\n<p>La versi\u00f3n m\u00f3vil funciona directamente a trav\u00e9s del navegador, por lo que no es necesario descargar nada de una tienda de aplicaciones. Un acceso directo en la pantalla de inicio ya ofrece una experiencia similar a la de una aplicaci\u00f3n.<\/p>\n<h3>\u00bfC\u00f3mo puedo realizar dep\u00f3sitos y retiradas a trav\u00e9s de la aplicaci\u00f3n?<\/h3>\n<p>Nuestro casino m\u00f3vil funciona igual que la versi\u00f3n principal del sitio web. Por lo tanto, para realizar cualquier transacci\u00f3n financiera, solo tienes que abrir la interfaz del monedero, hacer clic en el bot\u00f3n de dep\u00f3sito o retirada, elegir un m\u00e9todo de pago y rellenar el formulario de pago.<\/p>\n<h3>\u00bfLa versi\u00f3n m\u00f3vil es compatible con los juegos en vivo?<\/h3>\n<p>El dise\u00f1o m\u00f3vil es compatible con los juegos en vivo y permite acceder a ellos f\u00e1cilmente desde el vest\u00edbulo principal. Los jugadores pueden abrir mesas, seguir la sesi\u00f3n y volver al men\u00fa sin pasos adicionales.<\/p>\n<\/div><\/div><\/p>\n","protected":false},"excerpt":{"rendered":"<p>Teddyslot App Con la Teddyslot App, los jugadores espa\u00f1oles pueden abrir f\u00e1cilmente su cuenta en un tel\u00e9fono o tableta y utilizar las mismas credenciales de inicio de sesi\u00f3n en todos los dispositivos. La versi\u00f3n m\u00f3vil de nuestro casino funciona bien para sesiones r\u00e1pidas, juego diario y comprobaciones de la cuenta (incluso si est\u00e1s sin conexi\u00f3n). [&hellip;]<\/p>\n","protected":false},"author":1,"featured_media":0,"parent":0,"menu_order":0,"comment_status":"closed","ping_status":"closed","template":"template-builder.php","meta":{"_acf_changed":false,"inline_featured_image":false,"footnotes":""},"class_list":["post-1449","page","type-page","status-publish","hentry"],"acf":[],"yoast_head":"<!-- This site is optimized with the Yoast SEO plugin v27.3 - https:\/\/yoast.com\/product\/yoast-seo-wordpress\/ -->\n<title>Teddyslot App | Juego de casino seguro en cualquier dispositivo<\/title>\n<meta name=\"description\" content=\"La aplicaci\u00f3n Teddyslot te ofrece acceso r\u00e1pido en Android e iOS con una jugabilidad fluida, pagos seguros, cuentas sincronizadas y un \u00fatil servicio de atenci\u00f3n al cliente en un solo lugar.\" \/>\n<meta name=\"robots\" content=\"index, follow, max-snippet:-1, max-image-preview:large, max-video-preview:-1\" \/>\n<link rel=\"canonical\" href=\"https:\/\/thrtaddyslot.com\/es\/aplicacion\/\" \/>\n<meta property=\"og:locale\" content=\"es_ES\" \/>\n<meta property=\"og:type\" content=\"article\" \/>\n<meta property=\"og:title\" content=\"Teddyslot App | Juego de casino seguro en cualquier dispositivo\" \/>\n<meta property=\"og:description\" content=\"La aplicaci\u00f3n Teddyslot te ofrece acceso r\u00e1pido en Android e iOS con una jugabilidad fluida, pagos seguros, cuentas sincronizadas y un \u00fatil servicio de atenci\u00f3n al cliente en un solo lugar.\" \/>\n<meta property=\"og:url\" content=\"https:\/\/thrtaddyslot.com\/es\/aplicacion\/\" \/>\n<meta property=\"og:site_name\" content=\"teddyslot\" \/>\n<meta property=\"article:modified_time\" content=\"2026-04-06T07:10:21+00:00\" \/>\n<meta name=\"twitter:card\" content=\"summary_large_image\" \/>\n<meta name=\"twitter:label1\" content=\"Est. reading time\" \/>\n\t<meta name=\"twitter:data1\" content=\"2 minutos\" \/>\n<script type=\"application\/ld+json\" class=\"yoast-schema-graph\">{\"@context\":\"https:\\\/\\\/schema.org\",\"@graph\":[{\"@type\":\"WebPage\",\"@id\":\"https:\\\/\\\/thrtaddyslot.com\\\/es\\\/aplicacion\\\/\",\"url\":\"https:\\\/\\\/thrtaddyslot.com\\\/es\\\/aplicacion\\\/\",\"name\":\"Teddyslot App | Juego de casino seguro en cualquier dispositivo\",\"isPartOf\":{\"@id\":\"https:\\\/\\\/thrtaddyslot.com\\\/es\\\/#website\"},\"datePublished\":\"2026-01-20T12:08:23+00:00\",\"dateModified\":\"2026-04-06T07:10:21+00:00\",\"description\":\"La aplicaci\u00f3n Teddyslot te ofrece acceso r\u00e1pido en Android e iOS con una jugabilidad fluida, pagos seguros, cuentas sincronizadas y un \u00fatil servicio de atenci\u00f3n al cliente en un solo lugar.\",\"breadcrumb\":{\"@id\":\"https:\\\/\\\/thrtaddyslot.com\\\/es\\\/aplicacion\\\/#breadcrumb\"},\"inLanguage\":\"es\",\"potentialAction\":[{\"@type\":\"ReadAction\",\"target\":[\"https:\\\/\\\/thrtaddyslot.com\\\/es\\\/aplicacion\\\/\"]}]},{\"@type\":\"BreadcrumbList\",\"@id\":\"https:\\\/\\\/thrtaddyslot.com\\\/es\\\/aplicacion\\\/#breadcrumb\",\"itemListElement\":[{\"@type\":\"ListItem\",\"position\":1,\"name\":\"Teddyslot\",\"item\":\"https:\\\/\\\/thrtaddyslot.com\\\/es\\\/\"},{\"@type\":\"ListItem\",\"position\":2,\"name\":\"Aplicaci\u00f3n\"}]},{\"@type\":\"WebSite\",\"@id\":\"https:\\\/\\\/thrtaddyslot.com\\\/es\\\/#website\",\"url\":\"https:\\\/\\\/thrtaddyslot.com\\\/es\\\/\",\"name\":\"Teddyslot\",\"description\":\"\",\"publisher\":{\"@id\":\"https:\\\/\\\/thrtaddyslot.com\\\/es\\\/#organization\"},\"potentialAction\":[{\"@type\":\"SearchAction\",\"target\":{\"@type\":\"EntryPoint\",\"urlTemplate\":\"https:\\\/\\\/thrtaddyslot.com\\\/es\\\/?s={search_term_string}\"},\"query-input\":{\"@type\":\"PropertyValueSpecification\",\"valueRequired\":true,\"valueName\":\"search_term_string\"}}],\"inLanguage\":\"es\"},{\"@type\":\"Organization\",\"@id\":\"https:\\\/\\\/thrtaddyslot.com\\\/es\\\/#organization\",\"name\":\"Teddyslot\",\"url\":\"https:\\\/\\\/thrtaddyslot.com\\\/es\\\/\",\"logo\":{\"@type\":\"ImageObject\",\"inLanguage\":\"es\",\"@id\":\"https:\\\/\\\/thrtaddyslot.com\\\/es\\\/#\\\/schema\\\/logo\\\/image\\\/\",\"url\":\"https:\\\/\\\/thrtaddyslot.com\\\/wp-content\\\/uploads\\\/2026\\\/04\\\/teddyslot-logo.png\",\"contentUrl\":\"https:\\\/\\\/thrtaddyslot.com\\\/wp-content\\\/uploads\\\/2026\\\/04\\\/teddyslot-logo.png\",\"width\":140,\"height\":32,\"caption\":\"Teddyslot\"},\"image\":{\"@id\":\"https:\\\/\\\/thrtaddyslot.com\\\/es\\\/#\\\/schema\\\/logo\\\/image\\\/\"}}]}<\/script>\n<!-- \/ Yoast SEO plugin. -->","yoast_head_json":{"title":"Teddyslot App | Juego de casino seguro en cualquier dispositivo","description":"La aplicaci\u00f3n Teddyslot te ofrece acceso r\u00e1pido en Android e iOS con una jugabilidad fluida, pagos seguros, cuentas sincronizadas y un \u00fatil servicio de atenci\u00f3n al cliente en un solo lugar.","robots":{"index":"index","follow":"follow","max-snippet":"max-snippet:-1","max-image-preview":"max-image-preview:large","max-video-preview":"max-video-preview:-1"},"canonical":"https:\/\/thrtaddyslot.com\/es\/aplicacion\/","og_locale":"es_ES","og_type":"article","og_title":"Teddyslot App | Juego de casino seguro en cualquier dispositivo","og_description":"La aplicaci\u00f3n Teddyslot te ofrece acceso r\u00e1pido en Android e iOS con una jugabilidad fluida, pagos seguros, cuentas sincronizadas y un \u00fatil servicio de atenci\u00f3n al cliente en un solo lugar.","og_url":"https:\/\/thrtaddyslot.com\/es\/aplicacion\/","og_site_name":"teddyslot","article_modified_time":"2026-04-06T07:10:21+00:00","twitter_card":"summary_large_image","twitter_misc":{"Est. reading time":"2 minutos"},"schema":{"@context":"https:\/\/schema.org","@graph":[{"@type":"WebPage","@id":"https:\/\/thrtaddyslot.com\/es\/aplicacion\/","url":"https:\/\/thrtaddyslot.com\/es\/aplicacion\/","name":"Teddyslot App | Juego de casino seguro en cualquier dispositivo","isPartOf":{"@id":"https:\/\/thrtaddyslot.com\/es\/#website"},"datePublished":"2026-01-20T12:08:23+00:00","dateModified":"2026-04-06T07:10:21+00:00","description":"La aplicaci\u00f3n Teddyslot te ofrece acceso r\u00e1pido en Android e iOS con una jugabilidad fluida, pagos seguros, cuentas sincronizadas y un \u00fatil servicio de atenci\u00f3n al cliente en un solo lugar.","breadcrumb":{"@id":"https:\/\/thrtaddyslot.com\/es\/aplicacion\/#breadcrumb"},"inLanguage":"es","potentialAction":[{"@type":"ReadAction","target":["https:\/\/thrtaddyslot.com\/es\/aplicacion\/"]}]},{"@type":"BreadcrumbList","@id":"https:\/\/thrtaddyslot.com\/es\/aplicacion\/#breadcrumb","itemListElement":[{"@type":"ListItem","position":1,"name":"Teddyslot","item":"https:\/\/thrtaddyslot.com\/es\/"},{"@type":"ListItem","position":2,"name":"Aplicaci\u00f3n"}]},{"@type":"WebSite","@id":"https:\/\/thrtaddyslot.com\/es\/#website","url":"https:\/\/thrtaddyslot.com\/es\/","name":"Teddyslot","description":"","publisher":{"@id":"https:\/\/thrtaddyslot.com\/es\/#organization"},"potentialAction":[{"@type":"SearchAction","target":{"@type":"EntryPoint","urlTemplate":"https:\/\/thrtaddyslot.com\/es\/?s={search_term_string}"},"query-input":{"@type":"PropertyValueSpecification","valueRequired":true,"valueName":"search_term_string"}}],"inLanguage":"es"},{"@type":"Organization","@id":"https:\/\/thrtaddyslot.com\/es\/#organization","name":"Teddyslot","url":"https:\/\/thrtaddyslot.com\/es\/","logo":{"@type":"ImageObject","inLanguage":"es","@id":"https:\/\/thrtaddyslot.com\/es\/#\/schema\/logo\/image\/","url":"https:\/\/thrtaddyslot.com\/wp-content\/uploads\/2026\/04\/teddyslot-logo.png","contentUrl":"https:\/\/thrtaddyslot.com\/wp-content\/uploads\/2026\/04\/teddyslot-logo.png","width":140,"height":32,"caption":"Teddyslot"},"image":{"@id":"https:\/\/thrtaddyslot.com\/es\/#\/schema\/logo\/image\/"}}]}},"_links":{"self":[{"href":"https:\/\/thrtaddyslot.com\/es\/wp-json\/wp\/v2\/pages\/1449","targetHints":{"allow":["GET"]}}],"collection":[{"href":"https:\/\/thrtaddyslot.com\/es\/wp-json\/wp\/v2\/pages"}],"about":[{"href":"https:\/\/thrtaddyslot.com\/es\/wp-json\/wp\/v2\/types\/page"}],"author":[{"embeddable":true,"href":"https:\/\/thrtaddyslot.com\/es\/wp-json\/wp\/v2\/users\/1"}],"replies":[{"embeddable":true,"href":"https:\/\/thrtaddyslot.com\/es\/wp-json\/wp\/v2\/comments?post=1449"}],"version-history":[{"count":3,"href":"https:\/\/thrtaddyslot.com\/es\/wp-json\/wp\/v2\/pages\/1449\/revisions"}],"predecessor-version":[{"id":1813,"href":"https:\/\/thrtaddyslot.com\/es\/wp-json\/wp\/v2\/pages\/1449\/revisions\/1813"}],"wp:attachment":[{"href":"https:\/\/thrtaddyslot.com\/es\/wp-json\/wp\/v2\/media?parent=1449"}],"curies":[{"name":"wp","href":"https:\/\/api.w.org\/{rel}","templated":true}]}}