{"id":1442,"date":"2026-01-20T12:08:23","date_gmt":"2026-01-20T12:08:23","guid":{"rendered":"https:\/\/bonuskongcasino.com\/app-2\/"},"modified":"2026-04-03T14:47:19","modified_gmt":"2026-04-03T13:47:19","slug":"app","status":"publish","type":"page","link":"https:\/\/thrtaddyslot.com\/de\/app\/","title":{"rendered":"App"},"content":{"rendered":"<h1>Teddyslot App<\/h1>\n<p>Mit der Teddyslot App kannst du dein Konto ganz einfach auf einem Smartphone oder Tablet \u00f6ffnen und dieselben Anmeldedaten auf allen Ger\u00e4ten verwenden. Die mobile Version unseres Casinos eignet sich gut f\u00fcr kurze Spielsitzungen, das t\u00e4gliche Spiel und Konto\u00fcberpr\u00fcfungen (auch offline).<\/p>\n<p>Wir haben das Teddyslot Casino so gestaltet, dass es sich automatisch an kleinere Bildschirme anpasst. Die Men\u00fcs bleiben \u00fcbersichtlich, die Spielkarten gut lesbar und das Einzahlungsformular ist bequem zu bedienen. Egal, von welchem Ger\u00e4t aus Sie zugreifen, Sie k\u00f6nnen ohne zus\u00e4tzliche Schritte von der Lobby zu Zahlungen, zum Support oder zu den Profileinstellungen wechseln.<\/p>\n<div class=\"banner-wrap\" aria-label=\"Banner\"><img src=\"https:\/\/thrtaddyslot.com\/wp-content\/uploads\/2026\/04\/teddyslot-bnr.webp\" class=\"w-100 d-none d-lg-block img-pc main-banner-img\" alt=\"teddyslot promotion desktop\" fetchpriority=\"high\" decoding=\"async\"><img src=\"https:\/\/thrtaddyslot.com\/wp-content\/uploads\/2026\/04\/teddyslot-bnr-mobile.webp\" class=\"w-100 d-none d-md-block d-lg-none main-banner-img\" alt=\"teddyslot promotion mobile\" fetchpriority=\"high\" decoding=\"async\"><img src=\"https:\/\/thrtaddyslot.com\/wp-content\/uploads\/2026\/04\/teddyslot-bnr-mobile.webp\" class=\"w-100 d-md-none\" alt=\"teddyslot promotion mobile\" fetchpriority=\"high\" decoding=\"async\"><div class=\"banner-description\">\n<div class=\"banner-title\">Willkommensboni<\/div>\n<p class=\"banner-header-title\">1500 \u20ac<\/p>\n<div class=\"banner-header-AdditionalText\">+ 250 Freispiele<\/div>\n<button data-item=\"homepage_banner_link\" class=\"goto m-button m-gradient-border m-button--primary m-button--large banner-button btn-orange\">\n            <div class=\"m-button-content\">\n                <span>Jetzt anmelden<\/span>\n                <span><\/span>\n            <\/div>\n        <\/button>\n<\/div>\n<div class=\"WelcomePack\">\n<p><img loading=\"lazy\" decoding=\"async\" class=\"alignnone size-full wp-image-1853\" src=\"https:\/\/thrtaddyslot.com\/wp-content\/uploads\/2026\/04\/welcome-crown.png\" alt=\"crown\" width=\"25\" height=\"26\" \/><\/p>\n<div class=\"WelcomePack-Info\">W\u00f6chentlicher Cashback von bis zu 25 %<\/div>\n<p><img loading=\"lazy\" decoding=\"async\" class=\"alignnone size-full wp-image-1853\" src=\"https:\/\/thrtaddyslot.com\/wp-content\/uploads\/2026\/04\/welcome-crown.png\" alt=\"crown\" width=\"25\" height=\"26\" \/><\/p>\n<\/div>\n<\/div>\n<h2>Die wichtigsten Funktionen unseres mobilen Casinos<\/h2>\n<p>Mit der Teddyslot App k\u00f6nnen Sie die besten Casinospiele bequem auch unterwegs genie\u00dfen. Sie erm\u00f6glicht einen viel schnelleren Zugriff auf unsere Lobby und andere Schnittstellen. Au\u00dferdem dient sie als zentrale Anlaufstelle f\u00fcr die wichtigsten Konto-Tools und -Daten.<\/p>\n<p>Um sich von einem Smartphone oder Tablet aus bei Teddyslot Casino anzumelden, m\u00fcssen Sie kein neues Konto erstellen. Ihr Guthaben, Ihre Einstellungen und Ihre letzten Aktivit\u00e4ten bleiben ger\u00e4te\u00fcbergreifend synchronisiert, was es einfacher macht, dieselbe Kontositzung auf einem anderen Bildschirm fortzusetzen.<\/p>\n<p>Das k\u00f6nnen Sie \u00fcber die Teddyslot App tun:<\/p>\n<ul>\n<li>\u00d6ffnen Sie schnell die Lobby und wechseln Sie zwischen Slots, Live-Spielen und aktuellen Angeboten<\/li>\n<li>Nutzen Sie die Wallet-Oberfl\u00e4che f\u00fcr Ein- und Auszahlungen sowie Konto\u00fcberpr\u00fcfungen<\/li>\n<li>Schneller nach Titeln suchen und mit weniger Suchen zu gespeicherten Spielen zur\u00fcckkehren<\/li>\n<li>Kontaktieren Sie den Support \u00fcber Ihr Mobilger\u00e4t, wenn Sie Hilfe ben\u00f6tigen<\/li>\n<\/ul>\n<p>Teddy Slot sorgt f\u00fcr ein \u00fcbersichtliches und leicht zu \u00fcberblickendes Layout auf Mobilger\u00e4ten. Die Schaltfl\u00e4chen lassen sich bequem per Touch bedienen, das Men\u00fc ist kompakt und die Hauptbereiche bleiben sichtbar, ohne dass der Bildschirm \u00fcberladen wirkt.<\/p>\n<table>\n<tbody>\n<tr>\n<td>Mobile Aufgabe<\/td>\n<td>Inwiefern ist die App-Version hilfreich?<\/td>\n<td>Warum ist das wichtig?<\/td>\n<\/tr>\n<tr>\n<td>Eine kurze Sitzung starten<\/td>\n<td>\u00d6ffnet \u00fcber ein gespeichertes Symbol<\/td>\n<td>Sie gelangen schneller in die Lobby<\/td>\n<\/tr>\n<tr>\n<td>Auf einem anderen Ger\u00e4t weitermachen<\/td>\n<td>Verwendet dasselbe Konto<\/td>\n<td>Dein Guthaben und deine Einstellungen bleiben synchronisiert<\/td>\n<\/tr>\n<tr>\n<td>Finde ein bestimmtes Spiel<\/td>\n<td>H\u00e4lt Suche und Filter griffbereit<\/td>\n<td>Du verbringst weniger Zeit mit Scrollen<\/td>\n<\/tr>\n<tr>\n<td>Zahlungen pr\u00fcfen<\/td>\n<td>\u00d6ffnet die Kasse \u00fcber dasselbe Men\u00fc<\/td>\n<td>Ein- und Auszahlungen lassen sich einfacher verwalten<\/td>\n<\/tr>\n<\/tbody>\n<\/table>\n<p><div class=\"scrollable-content-wrap my-5\"><div class=\"scrollable-content-inner\"><h2>Zugriff auf Android<\/h2>\n<p>Um die Plattform auf Android zu nutzen, \u00f6ffne die offizielle Website in deinem Browser und f\u00fcge sie deinem Startbildschirm hinzu. Dadurch wird eine Verkn\u00fcpfung erstellt, die wie ein normales App-Symbol funktioniert, sodass du die Teddy Slot App mit einem Fingertipp starten und zu deinem Konto zur\u00fcckkehren kannst, ohne einen neuen Tab zu \u00f6ffnen oder erneut nach der Website zu suchen.<\/p>\n<p>Einige Nutzer suchen nach einer Teddyslot APK, aber unsere Seite funktioniert bereits als PWA. Das bedeutet, dass du die Anwendung einfach auf den Startbildschirm hinzuf\u00fcgen und von dort aus starten kannst, ohne eine separate Datei installieren zu m\u00fcssen.<\/p>\n<p>Es funktioniert auch ohne manuelle Updates. Spieler k\u00f6nnen die aktuelle Version \u00fcber die Website nutzen und \u00fcber eine gespeicherte Verkn\u00fcpfung auf dem Startbildschirm dorthin zur\u00fcckkehren.<\/p>\n<p><img loading=\"lazy\" decoding=\"async\" class=\"alignnone size-full wp-image-1909\" src=\"https:\/\/thrtaddyslot.com\/wp-content\/uploads\/2026\/04\/Teddyslot-Android.webp\" alt=\"Teddyslot Android\" width=\"1248\" height=\"536\" srcset=\"https:\/\/thrtaddyslot.com\/wp-content\/uploads\/2026\/04\/Teddyslot-Android.webp 1248w, https:\/\/thrtaddyslot.com\/wp-content\/uploads\/2026\/04\/Teddyslot-Android-300x129.webp 300w, https:\/\/thrtaddyslot.com\/wp-content\/uploads\/2026\/04\/Teddyslot-Android-1024x440.webp 1024w, https:\/\/thrtaddyslot.com\/wp-content\/uploads\/2026\/04\/Teddyslot-Android-768x330.webp 768w\" sizes=\"auto, (max-width: 1248px) 100vw, 1248px\" \/><\/p>\n<\/div><\/div><div style=\"clear: both\"><\/div><div class=\"d-flex justify-content-center\"><button data-item=\"decouvrez_link\" data-group=\"website_links\" class=\"goto fw-bold rounded-pill btn btn-orange\" aria-label=\"Laden Sie die Teddyslot-App herunter\" >Laden Sie die Teddyslot-App herunter<\/button><\/div><div class=\"scrollable-content-wrap my-5\"><div class=\"scrollable-content-inner\"><h2>Zugriff auf iPhone und iPad<\/h2>\n<p>Um Teddyslot auf iPhone und iPad zu nutzen, \u00f6ffne die offizielle Website in deinem Hauptbrowser und speichere sie auf deinem Startbildschirm. Danach kannst du die Plattform direkt \u00fcber das Symbol \u00f6ffnen und direkt in die Lobby gelangen.<\/p>\n<p>Diese Einrichtung hilft, wiederholte Schritte zu reduzieren und sorgt f\u00fcr einen einfachen Zugriff im t\u00e4glichen Gebrauch. Sie m\u00fcssen die Website nicht erneut \u00fcber einen Browser aufrufen \u2013 die Teddy Slot App \u00f6ffnet sich in einer \u00fcbersichtlicheren und fokussierteren Ansicht. Au\u00dferdem lassen sich Navigation, Zahlungen und Kontoaktionen auf einem kleineren Bildschirm einfacher verwalten.<\/p>\n<p><img loading=\"lazy\" decoding=\"async\" class=\"alignnone size-full wp-image-1933\" src=\"https:\/\/thrtaddyslot.com\/wp-content\/uploads\/2026\/04\/Teddyslot-iOS.webp\" alt=\"Teddyslot iOS\" width=\"1248\" height=\"536\" srcset=\"https:\/\/thrtaddyslot.com\/wp-content\/uploads\/2026\/04\/Teddyslot-iOS.webp 1248w, https:\/\/thrtaddyslot.com\/wp-content\/uploads\/2026\/04\/Teddyslot-iOS-300x129.webp 300w, https:\/\/thrtaddyslot.com\/wp-content\/uploads\/2026\/04\/Teddyslot-iOS-1024x440.webp 1024w, https:\/\/thrtaddyslot.com\/wp-content\/uploads\/2026\/04\/Teddyslot-iOS-768x330.webp 768w\" sizes=\"auto, (max-width: 1248px) 100vw, 1248px\" \/><\/p>\n<\/div><\/div><div style=\"clear: both\"><\/div><div class=\"d-flex justify-content-center\"><button data-item=\"decouvrez_link\" data-group=\"website_links\" class=\"goto fw-bold rounded-pill btn btn-orange\" aria-label=\"Teddyslot herunterladen\" >Teddyslot herunterladen<\/button><\/div><div class=\"scrollable-content-wrap my-5\"><div class=\"scrollable-content-inner\"><h2>Windows, macOS und Tablets<\/h2>\n<p>Auf Tablets wirkt Teddyslot weniger beengt als auf einem Smartphone. Der gr\u00f6\u00dfere Bildschirm erleichtert das Durchsuchen von Kategorien, das \u00d6ffnen von Spieleseiten und die Navigation durch die Lobby mit Touch-Steuerung.<\/p>\n<p>Unter Windows und macOS \u00f6ffnet sich die Plattform in einem Browser und nutzt ein breiteres Layout. Dies bietet Spielern mehr Platz f\u00fcr Live-Spiele, die Kontoverwaltung und das allgemeine Surfen. Teddyslot Casino verwaltet zudem ein gemeinsames Konto f\u00fcr alle Ger\u00e4te, sodass Spieler zwischen den Bildschirmen wechseln k\u00f6nnen, ohne ein neues Profil erstellen zu m\u00fcssen.<\/p>\n<p><img loading=\"lazy\" decoding=\"async\" class=\"alignnone size-full wp-image-1925\" src=\"https:\/\/thrtaddyslot.com\/wp-content\/uploads\/2026\/04\/Teddyslot-Desktop.webp\" alt=\"Teddyslot Desktop\" width=\"1248\" height=\"536\" srcset=\"https:\/\/thrtaddyslot.com\/wp-content\/uploads\/2026\/04\/Teddyslot-Desktop.webp 1248w, https:\/\/thrtaddyslot.com\/wp-content\/uploads\/2026\/04\/Teddyslot-Desktop-300x129.webp 300w, https:\/\/thrtaddyslot.com\/wp-content\/uploads\/2026\/04\/Teddyslot-Desktop-1024x440.webp 1024w, https:\/\/thrtaddyslot.com\/wp-content\/uploads\/2026\/04\/Teddyslot-Desktop-768x330.webp 768w\" sizes=\"auto, (max-width: 1248px) 100vw, 1248px\" \/><\/p>\n<\/div><\/div><div style=\"clear: both\"><\/div><div class=\"d-flex justify-content-center\"><button data-item=\"decouvrez_link\" data-group=\"website_links\" class=\"goto fw-bold rounded-pill btn btn-orange\" aria-label=\"Laden Sie die Teddyslot-App herunter\" >Laden Sie die Teddyslot-App herunter<\/button><\/div><div class=\"scrollable-content-wrap my-5\"><div class=\"scrollable-content-inner\"><h2>Hauptvorteile der mobilen Version<\/h2>\n<p>Unsere App ist die perfekte L\u00f6sung f\u00fcr mobile Nutzer. Mit ihrer Hilfe k\u00f6nnen Sie schnell auf unseren Spielekatalog zugreifen und Ihre pers\u00f6nlichen Daten m\u00fchelos verwalten. Hier sind die wichtigsten Vorteile der mobilen Version unseres Casinos:<\/p>\n<ul>\n<li>Schnellerer Zugriff auf Ihre Lieblings-Slots und Profilfunktionen<\/li>\n<li>Einfacheres Surfen und Zahlungsmanagement dank Touch-Steuerung<\/li>\n<li>Ihre Daten werden automatisch ger\u00e4te\u00fcbergreifend synchronisiert<\/li>\n<li>Die PWA funktioniert offline, sodass Sie bestimmte Informationen in Ihrem Konto auch ohne Internetverbindung abrufen k\u00f6nnen<\/li>\n<\/ul>\n<p>Die Teddy Slot App wird unterschiedlichen Nutzergewohnheiten und -stilen gerecht. W\u00e4hrend manche Spieler die Plattform gerne f\u00fcr eine kurze Sitzung \u00f6ffnen und nach wenigen Minuten wieder verlassen, neigen andere dazu, Kategorien zu durchsuchen, Angebote zu pr\u00fcfen oder zu bereits bekannten Spielen zur\u00fcckzukehren. Teddyslot unterst\u00fctzt beide Stile mit einem Layout, das kompakt bleibt und dennoch einfach zu bedienen ist.<\/p>\n<h2>Sicherheit und Kontoverwaltung<\/h2>\n<p>Teddyslot Casino sorgt f\u00fcr einen sicheren und einfach zu verwaltenden mobilen Zugriff. Unsere fortschrittlichen Datenverschl\u00fcsselungsprotokolle sch\u00fctzen Ihre Anmeldungen und Finanztransaktionen, w\u00e4hrend ein standardm\u00e4\u00dfiges Verfahren zur Konto\u00fcberpr\u00fcfung sicherere Auszahlungen und Kontoaktionen erm\u00f6glicht.<\/p>\n<p>Dar\u00fcber hinaus k\u00f6nnen Sie Ihr mobiles Casino-Konto mit Hilfe von 2FA sch\u00fctzen. Diese Sicherheitsfunktion bietet einen sicheren Weg, das Risiko eines unbefugten Zugriffs auf Ihre sensiblen Daten und deren Missbrauch zu minimieren.<\/p>\n<table>\n<tbody>\n<tr>\n<td>Sicherheitsbereich<\/td>\n<td>Was leistet die mobile Version?<\/td>\n<td>Warum ist sie hilfreich?<\/td>\n<\/tr>\n<tr>\n<td>Sichere Verbindung<\/td>\n<td>Sch\u00fctzt Anmelde- und Zahlungsdaten w\u00e4hrend der Nutzung<\/td>\n<td>Verringert das Risiko von unbefugten Kontoaktivit\u00e4ten<\/td>\n<\/tr>\n<tr>\n<td>Konto\u00fcberpr\u00fcfungen<\/td>\n<td>Unterst\u00fctzt die \u00dcberpr\u00fcfung wichtiger Aktionen<\/td>\n<td>Tr\u00e4gt dazu bei, Auszahlungen und Profil\u00e4nderungen sicherer zu gestalten<\/td>\n<\/tr>\n<tr>\n<td>Sitzungskontrolle<\/td>\n<td>H\u00e4lt die wichtigsten Konto-Tools in einem \u00fcbersichtlichen Bereich<\/td>\n<td>Erleichtert die \u00dcberpr\u00fcfung wichtiger Aktionen<\/td>\n<\/tr>\n<tr>\n<td>2FA<\/td>\n<td>Erleichtert die Eingabe eines Einmalcodes bei der Anmeldung<\/td>\n<td>Hilft Spielern, ihre pers\u00f6nlichen Daten zu sch\u00fctzen<\/td>\n<\/tr>\n<\/tbody>\n<\/table>\n<h2>H\u00e4ufig gestellte Fragen<\/h2>\n<h3>Kann ich dasselbe Konto auf dem Handy und am Desktop nutzen?<\/h3>\n<p>Teddyslot verwaltet ein einziges Konto f\u00fcr alle unterst\u00fctzten Ger\u00e4te. Wenn du dich auf dem Handy oder am Desktop anmeldest, nutzt du dasselbe Guthaben, dieselben Profileinstellungen und denselben Spielverlauf, sodass du kein zweites Konto erstellen oder verwalten musst.<\/p>\n<h3>Wie kann ich die Teddyslot App auf meinem Smartphone installieren?<\/h3>\n<p>Das geht in zwei einfachen Schritten: 1. \u00d6ffne unsere Website in deinem mobilen Browser und 2. Speichere die Casino-Verkn\u00fcpfung auf deinem Startbildschirm. Danach erscheint das App-Symbol auf deinem Bildschirm, sodass du das Casino bei zuk\u00fcnftigen Besuchen viel schneller \u00f6ffnen kannst.<\/p>\n<h3>Muss ich etwas aus einem App-Store installieren?<\/h3>\n<p>Die mobile Version funktioniert direkt \u00fcber den Browser, sodass kein separater Download aus einem App-Store erforderlich ist. Eine Verkn\u00fcpfung auf dem Startbildschirm bietet bereits ein \u00e4hnliches App-Erlebnis.<\/p>\n<h3>Wie kann ich \u00fcber die App Ein- und Auszahlungen vornehmen?<\/h3>\n<p>Unser mobiles Casino funktioniert genauso wie die Hauptversion der Website. Um eine Transaktion durchzuf\u00fchren, m\u00fcssen Sie also einfach die Wallet-Oberfl\u00e4che \u00f6ffnen, auf die Schaltfl\u00e4che f\u00fcr Ein- oder Auszahlungen klicken, eine Zahlungsmethode ausw\u00e4hlen und das Zahlungsformular ausf\u00fcllen.<\/p>\n<h3>Unterst\u00fctzt die mobile Version Live-Spiele?<\/h3>\n<p>Das mobile Layout unterst\u00fctzt Live-Spiele und sorgt daf\u00fcr, dass diese von der Hauptlobby aus leicht zug\u00e4nglich sind. Spieler k\u00f6nnen Tische \u00f6ffnen, die Sitzung verfolgen und ohne zus\u00e4tzliche Schritte zum Men\u00fc zur\u00fcckkehren.<\/p>\n<\/div><\/div><\/p>\n","protected":false},"excerpt":{"rendered":"<p>Teddyslot App Mit der Teddyslot App kannst du dein Konto ganz einfach auf einem Smartphone oder Tablet \u00f6ffnen und dieselben Anmeldedaten auf allen Ger\u00e4ten verwenden. Die mobile Version unseres Casinos eignet sich gut f\u00fcr kurze Spielsitzungen, das t\u00e4gliche Spiel und Konto\u00fcberpr\u00fcfungen (auch offline). Wir haben das Teddyslot Casino so gestaltet, dass es sich automatisch an [&hellip;]<\/p>\n","protected":false},"author":1,"featured_media":0,"parent":0,"menu_order":0,"comment_status":"closed","ping_status":"closed","template":"template-builder.php","meta":{"_acf_changed":false,"inline_featured_image":false,"footnotes":""},"class_list":["post-1442","page","type-page","status-publish","hentry"],"acf":[],"yoast_head":"<!-- This site is optimized with the Yoast SEO plugin v27.3 - https:\/\/yoast.com\/product\/yoast-seo-wordpress\/ -->\n<title>Teddyslot App | Sicheres Casinospiel auf jedem Ger\u00e4t<\/title>\n<meta name=\"description\" content=\"Die Teddyslot-Anwendung bietet Ihnen schnellen Zugriff auf Android und iOS mit fl\u00fcssigem Gameplay, sicheren Zahlungen, synchronisierten Konten und hilfreichem Kundensupport an einem Ort.\" \/>\n<meta name=\"robots\" content=\"index, follow, max-snippet:-1, max-image-preview:large, max-video-preview:-1\" \/>\n<link rel=\"canonical\" href=\"https:\/\/thrtaddyslot.com\/de\/app\/\" \/>\n<meta property=\"og:locale\" content=\"de_DE\" \/>\n<meta property=\"og:type\" content=\"article\" \/>\n<meta property=\"og:title\" content=\"Teddyslot App | Sicheres Casinospiel auf jedem Ger\u00e4t\" \/>\n<meta property=\"og:description\" content=\"Die Teddyslot-Anwendung bietet Ihnen schnellen Zugriff auf Android und iOS mit fl\u00fcssigem Gameplay, sicheren Zahlungen, synchronisierten Konten und hilfreichem Kundensupport an einem Ort.\" \/>\n<meta property=\"og:url\" content=\"https:\/\/thrtaddyslot.com\/de\/app\/\" \/>\n<meta property=\"og:site_name\" content=\"teddyslot\" \/>\n<meta property=\"article:modified_time\" content=\"2026-04-03T13:47:19+00:00\" \/>\n<meta name=\"twitter:card\" content=\"summary_large_image\" \/>\n<meta name=\"twitter:label1\" content=\"Gesch\u00e4tzte Lesezeit\" \/>\n\t<meta name=\"twitter:data1\" content=\"2\u00a0Minuten\" \/>\n<script type=\"application\/ld+json\" class=\"yoast-schema-graph\">{\"@context\":\"https:\\\/\\\/schema.org\",\"@graph\":[{\"@type\":\"WebPage\",\"@id\":\"https:\\\/\\\/thrtaddyslot.com\\\/de\\\/app\\\/\",\"url\":\"https:\\\/\\\/thrtaddyslot.com\\\/de\\\/app\\\/\",\"name\":\"Teddyslot App | Sicheres Casinospiel auf jedem Ger\u00e4t\",\"isPartOf\":{\"@id\":\"https:\\\/\\\/thrtaddyslot.com\\\/de\\\/#website\"},\"datePublished\":\"2026-01-20T12:08:23+00:00\",\"dateModified\":\"2026-04-03T13:47:19+00:00\",\"description\":\"Die Teddyslot-Anwendung bietet Ihnen schnellen Zugriff auf Android und iOS mit fl\u00fcssigem Gameplay, sicheren Zahlungen, synchronisierten Konten und hilfreichem Kundensupport an einem Ort.\",\"breadcrumb\":{\"@id\":\"https:\\\/\\\/thrtaddyslot.com\\\/de\\\/app\\\/#breadcrumb\"},\"inLanguage\":\"de\",\"potentialAction\":[{\"@type\":\"ReadAction\",\"target\":[\"https:\\\/\\\/thrtaddyslot.com\\\/de\\\/app\\\/\"]}]},{\"@type\":\"BreadcrumbList\",\"@id\":\"https:\\\/\\\/thrtaddyslot.com\\\/de\\\/app\\\/#breadcrumb\",\"itemListElement\":[{\"@type\":\"ListItem\",\"position\":1,\"name\":\"Teddyslot\",\"item\":\"https:\\\/\\\/thrtaddyslot.com\\\/de\\\/\"},{\"@type\":\"ListItem\",\"position\":2,\"name\":\"App\"}]},{\"@type\":\"WebSite\",\"@id\":\"https:\\\/\\\/thrtaddyslot.com\\\/de\\\/#website\",\"url\":\"https:\\\/\\\/thrtaddyslot.com\\\/de\\\/\",\"name\":\"Teddyslot\",\"description\":\"\",\"publisher\":{\"@id\":\"https:\\\/\\\/thrtaddyslot.com\\\/de\\\/#organization\"},\"potentialAction\":[{\"@type\":\"SearchAction\",\"target\":{\"@type\":\"EntryPoint\",\"urlTemplate\":\"https:\\\/\\\/thrtaddyslot.com\\\/de\\\/?s={search_term_string}\"},\"query-input\":{\"@type\":\"PropertyValueSpecification\",\"valueRequired\":true,\"valueName\":\"search_term_string\"}}],\"inLanguage\":\"de\"},{\"@type\":\"Organization\",\"@id\":\"https:\\\/\\\/thrtaddyslot.com\\\/de\\\/#organization\",\"name\":\"Teddyslot\",\"url\":\"https:\\\/\\\/thrtaddyslot.com\\\/de\\\/\",\"logo\":{\"@type\":\"ImageObject\",\"inLanguage\":\"de\",\"@id\":\"https:\\\/\\\/thrtaddyslot.com\\\/de\\\/#\\\/schema\\\/logo\\\/image\\\/\",\"url\":\"https:\\\/\\\/thrtaddyslot.com\\\/wp-content\\\/uploads\\\/2026\\\/04\\\/teddyslot-logo.png\",\"contentUrl\":\"https:\\\/\\\/thrtaddyslot.com\\\/wp-content\\\/uploads\\\/2026\\\/04\\\/teddyslot-logo.png\",\"width\":140,\"height\":32,\"caption\":\"Teddyslot\"},\"image\":{\"@id\":\"https:\\\/\\\/thrtaddyslot.com\\\/de\\\/#\\\/schema\\\/logo\\\/image\\\/\"}}]}<\/script>\n<!-- \/ Yoast SEO plugin. -->","yoast_head_json":{"title":"Teddyslot App | Sicheres Casinospiel auf jedem Ger\u00e4t","description":"Die Teddyslot-Anwendung bietet Ihnen schnellen Zugriff auf Android und iOS mit fl\u00fcssigem Gameplay, sicheren Zahlungen, synchronisierten Konten und hilfreichem Kundensupport an einem Ort.","robots":{"index":"index","follow":"follow","max-snippet":"max-snippet:-1","max-image-preview":"max-image-preview:large","max-video-preview":"max-video-preview:-1"},"canonical":"https:\/\/thrtaddyslot.com\/de\/app\/","og_locale":"de_DE","og_type":"article","og_title":"Teddyslot App | Sicheres Casinospiel auf jedem Ger\u00e4t","og_description":"Die Teddyslot-Anwendung bietet Ihnen schnellen Zugriff auf Android und iOS mit fl\u00fcssigem Gameplay, sicheren Zahlungen, synchronisierten Konten und hilfreichem Kundensupport an einem Ort.","og_url":"https:\/\/thrtaddyslot.com\/de\/app\/","og_site_name":"teddyslot","article_modified_time":"2026-04-03T13:47:19+00:00","twitter_card":"summary_large_image","twitter_misc":{"Gesch\u00e4tzte Lesezeit":"2\u00a0Minuten"},"schema":{"@context":"https:\/\/schema.org","@graph":[{"@type":"WebPage","@id":"https:\/\/thrtaddyslot.com\/de\/app\/","url":"https:\/\/thrtaddyslot.com\/de\/app\/","name":"Teddyslot App | Sicheres Casinospiel auf jedem Ger\u00e4t","isPartOf":{"@id":"https:\/\/thrtaddyslot.com\/de\/#website"},"datePublished":"2026-01-20T12:08:23+00:00","dateModified":"2026-04-03T13:47:19+00:00","description":"Die Teddyslot-Anwendung bietet Ihnen schnellen Zugriff auf Android und iOS mit fl\u00fcssigem Gameplay, sicheren Zahlungen, synchronisierten Konten und hilfreichem Kundensupport an einem Ort.","breadcrumb":{"@id":"https:\/\/thrtaddyslot.com\/de\/app\/#breadcrumb"},"inLanguage":"de","potentialAction":[{"@type":"ReadAction","target":["https:\/\/thrtaddyslot.com\/de\/app\/"]}]},{"@type":"BreadcrumbList","@id":"https:\/\/thrtaddyslot.com\/de\/app\/#breadcrumb","itemListElement":[{"@type":"ListItem","position":1,"name":"Teddyslot","item":"https:\/\/thrtaddyslot.com\/de\/"},{"@type":"ListItem","position":2,"name":"App"}]},{"@type":"WebSite","@id":"https:\/\/thrtaddyslot.com\/de\/#website","url":"https:\/\/thrtaddyslot.com\/de\/","name":"Teddyslot","description":"","publisher":{"@id":"https:\/\/thrtaddyslot.com\/de\/#organization"},"potentialAction":[{"@type":"SearchAction","target":{"@type":"EntryPoint","urlTemplate":"https:\/\/thrtaddyslot.com\/de\/?s={search_term_string}"},"query-input":{"@type":"PropertyValueSpecification","valueRequired":true,"valueName":"search_term_string"}}],"inLanguage":"de"},{"@type":"Organization","@id":"https:\/\/thrtaddyslot.com\/de\/#organization","name":"Teddyslot","url":"https:\/\/thrtaddyslot.com\/de\/","logo":{"@type":"ImageObject","inLanguage":"de","@id":"https:\/\/thrtaddyslot.com\/de\/#\/schema\/logo\/image\/","url":"https:\/\/thrtaddyslot.com\/wp-content\/uploads\/2026\/04\/teddyslot-logo.png","contentUrl":"https:\/\/thrtaddyslot.com\/wp-content\/uploads\/2026\/04\/teddyslot-logo.png","width":140,"height":32,"caption":"Teddyslot"},"image":{"@id":"https:\/\/thrtaddyslot.com\/de\/#\/schema\/logo\/image\/"}}]}},"_links":{"self":[{"href":"https:\/\/thrtaddyslot.com\/de\/wp-json\/wp\/v2\/pages\/1442","targetHints":{"allow":["GET"]}}],"collection":[{"href":"https:\/\/thrtaddyslot.com\/de\/wp-json\/wp\/v2\/pages"}],"about":[{"href":"https:\/\/thrtaddyslot.com\/de\/wp-json\/wp\/v2\/types\/page"}],"author":[{"embeddable":true,"href":"https:\/\/thrtaddyslot.com\/de\/wp-json\/wp\/v2\/users\/1"}],"replies":[{"embeddable":true,"href":"https:\/\/thrtaddyslot.com\/de\/wp-json\/wp\/v2\/comments?post=1442"}],"version-history":[{"count":3,"href":"https:\/\/thrtaddyslot.com\/de\/wp-json\/wp\/v2\/pages\/1442\/revisions"}],"predecessor-version":[{"id":2061,"href":"https:\/\/thrtaddyslot.com\/de\/wp-json\/wp\/v2\/pages\/1442\/revisions\/2061"}],"wp:attachment":[{"href":"https:\/\/thrtaddyslot.com\/de\/wp-json\/wp\/v2\/media?parent=1442"}],"curies":[{"name":"wp","href":"https:\/\/api.w.org\/{rel}","templated":true}]}}